{"id":14741,"date":"2015-12-10T00:49:52","date_gmt":"2015-12-10T00:49:52","guid":{"rendered":"https:\/\/munditurtours.com\/?page_id=14741&#038;lang=es"},"modified":"2024-04-26T15:34:09","modified_gmt":"2024-04-26T21:34:09","slug":"cerro-negro-volcano-boarding","status":"publish","type":"page","link":"https:\/\/www.munditurtours.com\/es\/cerro-negro-volcano-boarding\/","title":{"rendered":"Sandboarding en Volc\u00e1n Cerro Negro"},"content":{"rendered":"\t\t<div data-elementor-type=\"wp-page\" data-elementor-id=\"14741\" class=\"elementor elementor-14741\" data-elementor-post-type=\"page\">\n\t\t\t\t<div class=\"elementor-element elementor-element-75f1511 e-flex e-con-boxed e-con e-parent\" data-id=\"75f1511\" data-element_type=\"container\" data-e-type=\"container\">\n\t\t\t\t\t<div class=\"e-con-inner\">\n\t\t\t\t<div class=\"elementor-element elementor-element-8d425df elementor-widget__width-initial elementor-widget elementor-widget-shortcode\" data-id=\"8d425df\" data-element_type=\"widget\" data-e-type=\"widget\" data-widget_type=\"shortcode.default\">\n\t\t\t\t<div class=\"elementor-widget-container\">\n\t\t\t\t\t\t\t<div class=\"elementor-shortcode\">[rank_math_breadcrumb]<\/div>\n\t\t\t\t\t\t<\/div>\n\t\t\t\t<\/div>\n\t\t\t\t\t<\/div>\n\t\t\t\t<\/div>\n\t\t<div class=\"elementor-element elementor-element-88ca8ee e-flex e-con-boxed e-con e-parent\" data-id=\"88ca8ee\" data-element_type=\"container\" data-e-type=\"container\">\n\t\t\t\t\t<div class=\"e-con-inner\">\n\t\t<div class=\"elementor-element elementor-element-11c761d e-con-full e-flex e-con e-child\" data-id=\"11c761d\" data-element_type=\"container\" data-e-type=\"container\">\n\t\t\t\t<div class=\"elementor-element elementor-element-6201be6 elementor-widget-divider--view-line elementor-widget elementor-widget-divider\" data-id=\"6201be6\" data-element_type=\"widget\" data-e-type=\"widget\" data-widget_type=\"divider.default\">\n\t\t\t\t<div class=\"elementor-widget-container\">\n\t\t\t\t\t\t\t<div class=\"elementor-divider\">\n\t\t\t<span class=\"elementor-divider-separator\">\n\t\t\t\t\t\t<\/span>\n\t\t<\/div>\n\t\t\t\t\t\t<\/div>\n\t\t\t\t<\/div>\n\t\t\t\t<div class=\"elementor-element elementor-element-a5f87f0 elementor-skin-carousel elementor-arrows-yes elementor-widget elementor-widget-media-carousel\" data-id=\"a5f87f0\" data-element_type=\"widget\" data-e-type=\"widget\" data-settings=\"{&quot;slides_per_view&quot;:&quot;1&quot;,&quot;space_between&quot;:{&quot;unit&quot;:&quot;px&quot;,&quot;size&quot;:1,&quot;sizes&quot;:[]},&quot;skin&quot;:&quot;carousel&quot;,&quot;effect&quot;:&quot;slide&quot;,&quot;show_arrows&quot;:&quot;yes&quot;,&quot;speed&quot;:500,&quot;autoplay&quot;:&quot;yes&quot;,&quot;autoplay_speed&quot;:5000,&quot;loop&quot;:&quot;yes&quot;,&quot;pause_on_hover&quot;:&quot;yes&quot;,&quot;pause_on_interaction&quot;:&quot;yes&quot;,&quot;space_between_laptop&quot;:{&quot;unit&quot;:&quot;px&quot;,&quot;size&quot;:10,&quot;sizes&quot;:[]},&quot;space_between_tablet&quot;:{&quot;unit&quot;:&quot;px&quot;,&quot;size&quot;:10,&quot;sizes&quot;:[]},&quot;space_between_mobile&quot;:{&quot;unit&quot;:&quot;px&quot;,&quot;size&quot;:10,&quot;sizes&quot;:[]}}\" data-widget_type=\"media-carousel.default\">\n\t\t\t\t<div class=\"elementor-widget-container\">\n\t\t\t\t\t\t\t\t\t<div class=\"elementor-swiper\">\n\t\t\t\t\t<div class=\"elementor-main-swiper swiper\" role=\"region\" aria-roledescription=\"carousel\" aria-label=\"Slides\">\n\t\t\t\t<div class=\"swiper-wrapper\">\n\t\t\t\t\t\t\t\t\t\t\t<div class=\"swiper-slide\" role=\"group\" aria-roledescription=\"slide\">\n\t\t\t\t\t\t\t\t\t<div class=\"elementor-carousel-image\" role=\"img\" aria-label=\"cerro-negro-volcano-sandboarding.webp\" style=\"background-image: url(&#039;https:\/\/www.munditurtours.com\/wp-content\/uploads\/2024\/04\/cerro-negro-volcano-sandboarding-1.webp&#039;)\">\n\n\t\t\t\n\t\t\t\t\t<\/div>\n\t\t\t\t\t\t\t\t<\/div>\n\t\t\t\t\t\t\t\t\t\t\t<div class=\"swiper-slide\" role=\"group\" aria-roledescription=\"slide\">\n\t\t\t\t\t\t\t\t\t<div class=\"elementor-carousel-image\" role=\"img\" aria-label=\"cerro-negro-volcano.jpeg\" style=\"background-image: url(&#039;https:\/\/www.munditurtours.com\/wp-content\/uploads\/2024\/04\/cerro-negro-volcano.jpeg&#039;)\">\n\n\t\t\t\n\t\t\t\t\t<\/div>\n\t\t\t\t\t\t\t\t<\/div>\n\t\t\t\t\t\t\t\t\t\t\t<div class=\"swiper-slide\" role=\"group\" aria-roledescription=\"slide\">\n\t\t\t\t\t\t\t\t\t<div class=\"elementor-carousel-image\" role=\"img\" aria-label=\"cerro-negro-leon.webp\" style=\"background-image: url(&#039;https:\/\/www.munditurtours.com\/wp-content\/uploads\/2024\/04\/cerro-negro-leon-1.webp&#039;)\">\n\n\t\t\t\n\t\t\t\t\t<\/div>\n\t\t\t\t\t\t\t\t<\/div>\n\t\t\t\t\t\t\t\t\t\t\t<div class=\"swiper-slide\" role=\"group\" aria-roledescription=\"slide\">\n\t\t\t\t\t\t\t\t\t<div class=\"elementor-carousel-image\" role=\"img\" aria-label=\"cerro-negro-volcano-sand-boarding-1.jpeg\" style=\"background-image: url(&#039;https:\/\/www.munditurtours.com\/wp-content\/uploads\/2024\/04\/cerro-negro-volcano-sand-boarding-1.jpeg&#039;)\">\n\n\t\t\t\n\t\t\t\t\t<\/div>\n\t\t\t\t\t\t\t\t<\/div>\n\t\t\t\t\t\t\t\t\t<\/div>\n\t\t\t\t\t\t\t\t\t\t\t\t\t\t\t<div class=\"elementor-swiper-button elementor-swiper-button-prev\" role=\"button\" tabindex=\"0\" aria-label=\"Previous\">\n\t\t\t\t\t\t\t<i aria-hidden=\"true\" class=\"eicon-chevron-left\"><\/i>\t\t\t\t\t\t<\/div>\n\t\t\t\t\t\t<div class=\"elementor-swiper-button elementor-swiper-button-next\" role=\"button\" tabindex=\"0\" aria-label=\"Next\">\n\t\t\t\t\t\t\t<i aria-hidden=\"true\" class=\"eicon-chevron-right\"><\/i>\t\t\t\t\t\t<\/div>\n\t\t\t\t\t\t\t\t\t\t\t\t\t\t\t\t\t<\/div>\n\t\t\t\t<\/div>\n\t\t\t\t\t\t\t\t<\/div>\n\t\t\t\t<\/div>\n\t\t<div class=\"elementor-element elementor-element-4840651 e-con-full e-flex e-con e-child\" data-id=\"4840651\" data-element_type=\"container\" data-e-type=\"container\">\n\t\t<div class=\"elementor-element elementor-element-6ffd882 e-con-full e-flex e-con e-child\" data-id=\"6ffd882\" data-element_type=\"container\" data-e-type=\"container\">\n\t\t\t\t<div class=\"elementor-element elementor-element-d51c9b1 elementor-widget elementor-widget-heading\" data-id=\"d51c9b1\" data-element_type=\"widget\" data-e-type=\"widget\" data-widget_type=\"heading.default\">\n\t\t\t\t<div class=\"elementor-widget-container\">\n\t\t\t\t\t<h2 class=\"elementor-heading-title elementor-size-medium\">What's Included<\/h2>\t\t\t\t<\/div>\n\t\t\t\t<\/div>\n\t\t\t\t<div class=\"elementor-element elementor-element-396e6f0 elementor-icon-list--layout-traditional elementor-list-item-link-full_width elementor-widget elementor-widget-icon-list\" data-id=\"396e6f0\" data-element_type=\"widget\" data-e-type=\"widget\" data-widget_type=\"icon-list.default\">\n\t\t\t\t<div class=\"elementor-widget-container\">\n\t\t\t\t\t\t\t<ul class=\"elementor-icon-list-items\">\n\t\t\t\t\t\t\t<li class=\"elementor-icon-list-item\">\n\t\t\t\t\t\t\t\t\t\t\t<span class=\"elementor-icon-list-icon\">\n\t\t\t\t\t\t\t<i aria-hidden=\"true\" class=\"fas fa-check-circle\"><\/i>\t\t\t\t\t\t<\/span>\n\t\t\t\t\t\t\t\t\t\t<span class=\"elementor-icon-list-text\">Gu\u00eda biling\u00fce \/ Conductor<\/span>\n\t\t\t\t\t\t\t\t\t<\/li>\n\t\t\t\t\t\t\t\t<li class=\"elementor-icon-list-item\">\n\t\t\t\t\t\t\t\t\t\t\t<span class=\"elementor-icon-list-icon\">\n\t\t\t\t\t\t\t<i aria-hidden=\"true\" class=\"fas fa-check-circle\"><\/i>\t\t\t\t\t\t<\/span>\n\t\t\t\t\t\t\t\t\t\t<span class=\"elementor-icon-list-text\">Transporte Privado con A\/C<\/span>\n\t\t\t\t\t\t\t\t\t<\/li>\n\t\t\t\t\t\t\t\t<li class=\"elementor-icon-list-item\">\n\t\t\t\t\t\t\t\t\t\t\t<span class=\"elementor-icon-list-icon\">\n\t\t\t\t\t\t\t<i aria-hidden=\"true\" class=\"fas fa-check-circle\"><\/i>\t\t\t\t\t\t<\/span>\n\t\t\t\t\t\t\t\t\t\t<span class=\"elementor-icon-list-text\">Gu\u00eda<\/span>\n\t\t\t\t\t\t\t\t\t<\/li>\n\t\t\t\t\t\t\t\t<li class=\"elementor-icon-list-item\">\n\t\t\t\t\t\t\t\t\t\t\t<span class=\"elementor-icon-list-icon\">\n\t\t\t\t\t\t\t<i aria-hidden=\"true\" class=\"fas fa-check-circle\"><\/i>\t\t\t\t\t\t<\/span>\n\t\t\t\t\t\t\t\t\t\t<span class=\"elementor-icon-list-text\">Tabla y equipo (casco, guantes, traje)<\/span>\n\t\t\t\t\t\t\t\t\t<\/li>\n\t\t\t\t\t\t\t\t<li class=\"elementor-icon-list-item\">\n\t\t\t\t\t\t\t\t\t\t\t<span class=\"elementor-icon-list-icon\">\n\t\t\t\t\t\t\t<i aria-hidden=\"true\" class=\"fas fa-check-circle\"><\/i>\t\t\t\t\t\t<\/span>\n\t\t\t\t\t\t\t\t\t\t<span class=\"elementor-icon-list-text\">Entrada al\u00a0Volc\u00e1n<\/span>\n\t\t\t\t\t\t\t\t\t<\/li>\n\t\t\t\t\t\t\t\t<li class=\"elementor-icon-list-item\">\n\t\t\t\t\t\t\t\t\t\t\t<span class=\"elementor-icon-list-icon\">\n\t\t\t\t\t\t\t<i aria-hidden=\"true\" class=\"fas fa-check-circle\"><\/i>\t\t\t\t\t\t<\/span>\n\t\t\t\t\t\t\t\t\t\t<span class=\"elementor-icon-list-text\">Hielera con bebidas (agua, soda &amp; jugo)<\/span>\n\t\t\t\t\t\t\t\t\t<\/li>\n\t\t\t\t\t\t<\/ul>\n\t\t\t\t\t\t<\/div>\n\t\t\t\t<\/div>\n\t\t\t\t<\/div>\n\t\t\t\t<\/div>\n\t\t\t\t<\/div>\n\t\t<div class=\"elementor-element elementor-element-b86784a e-con-full e-flex e-con e-child\" data-id=\"b86784a\" data-element_type=\"container\" data-e-type=\"container\">\n\t\t\t\t<div class=\"elementor-element elementor-element-0b387d1 elementor-widget elementor-widget-heading\" data-id=\"0b387d1\" data-element_type=\"widget\" data-e-type=\"widget\" data-widget_type=\"heading.default\">\n\t\t\t\t<div class=\"elementor-widget-container\">\n\t\t\t\t\t<h2 class=\"elementor-heading-title elementor-size-default\">Prices<\/h2>\t\t\t\t<\/div>\n\t\t\t\t<\/div>\n\t\t<div class=\"elementor-element elementor-element-09e07b7 e-flex e-con-boxed e-con e-child\" data-id=\"09e07b7\" data-element_type=\"container\" data-e-type=\"container\">\n\t\t\t\t\t<div class=\"e-con-inner\">\n\t\t<div class=\"elementor-element elementor-element-641586c e-con-full e-flex e-con e-child\" data-id=\"641586c\" data-element_type=\"container\" data-e-type=\"container\">\n\t\t\t\t<div class=\"elementor-element elementor-element-9f4b37e elementor-widget elementor-widget-heading\" data-id=\"9f4b37e\" data-element_type=\"widget\" data-e-type=\"widget\" data-widget_type=\"heading.default\">\n\t\t\t\t<div class=\"elementor-widget-container\">\n\t\t\t\t\t<h2 class=\"elementor-heading-title elementor-size-default\">2 Pax<\/h2>\t\t\t\t<\/div>\n\t\t\t\t<\/div>\n\t\t\t\t<div class=\"elementor-element elementor-element-612e7f3 elementor-widget elementor-widget-heading\" data-id=\"612e7f3\" data-element_type=\"widget\" data-e-type=\"widget\" data-widget_type=\"heading.default\">\n\t\t\t\t<div class=\"elementor-widget-container\">\n\t\t\t\t\t<h2 class=\"elementor-heading-title elementor-size-default\">3-5 Pax<\/h2>\t\t\t\t<\/div>\n\t\t\t\t<\/div>\n\t\t\t\t<div class=\"elementor-element elementor-element-0c7789e elementor-widget elementor-widget-heading\" data-id=\"0c7789e\" data-element_type=\"widget\" data-e-type=\"widget\" data-widget_type=\"heading.default\">\n\t\t\t\t<div class=\"elementor-widget-container\">\n\t\t\t\t\t<h2 class=\"elementor-heading-title elementor-size-default\">6+  Pax<\/h2>\t\t\t\t<\/div>\n\t\t\t\t<\/div>\n\t\t\t\t<\/div>\n\t\t<div class=\"elementor-element elementor-element-ee52e30 e-con-full e-flex e-con e-child\" data-id=\"ee52e30\" data-element_type=\"container\" data-e-type=\"container\">\n\t\t\t\t<div class=\"elementor-element elementor-element-e1bea80 elementor-widget elementor-widget-heading\" data-id=\"e1bea80\" data-element_type=\"widget\" data-e-type=\"widget\" data-widget_type=\"heading.default\">\n\t\t\t\t<div class=\"elementor-widget-container\">\n\t\t\t\t\t<div class=\"elementor-heading-title elementor-size-default\">$150.00 pp<\/div>\t\t\t\t<\/div>\n\t\t\t\t<\/div>\n\t\t\t\t<div class=\"elementor-element elementor-element-5fafbaa elementor-widget elementor-widget-heading\" data-id=\"5fafbaa\" data-element_type=\"widget\" data-e-type=\"widget\" data-widget_type=\"heading.default\">\n\t\t\t\t<div class=\"elementor-widget-container\">\n\t\t\t\t\t<div class=\"elementor-heading-title elementor-size-default\">$125.00 pp<\/div>\t\t\t\t<\/div>\n\t\t\t\t<\/div>\n\t\t\t\t<div class=\"elementor-element elementor-element-0629d17 elementor-widget elementor-widget-heading\" data-id=\"0629d17\" data-element_type=\"widget\" data-e-type=\"widget\" data-widget_type=\"heading.default\">\n\t\t\t\t<div class=\"elementor-widget-container\">\n\t\t\t\t\t<div class=\"elementor-heading-title elementor-size-default\">$100.00 pp<\/div>\t\t\t\t<\/div>\n\t\t\t\t<\/div>\n\t\t\t\t<\/div>\n\t\t\t\t\t<\/div>\n\t\t\t\t<\/div>\n\t\t\t\t<div class=\"elementor-element elementor-element-dffa130 elementor-align-justify elementor-mobile-align-justify elementor-widget elementor-widget-button\" data-id=\"dffa130\" data-element_type=\"widget\" data-e-type=\"widget\" data-widget_type=\"button.default\">\n\t\t\t\t<div class=\"elementor-widget-container\">\n\t\t\t\t\t\t\t\t\t<div class=\"elementor-button-wrapper\">\n\t\t\t\t\t<a class=\"elementor-button elementor-button-link elementor-size-md\" href=\"#elementor-action%3Aaction%3Dpopup%3Aopen%26settings%3DeyJpZCI6MTcxNDcsInRvZ2dsZSI6ZmFsc2V9\">\n\t\t\t\t\t\t<span class=\"elementor-button-content-wrapper\">\n\t\t\t\t\t\t\t\t\t<span class=\"elementor-button-text\">GET A FREE QUOTE<\/span>\n\t\t\t\t\t<\/span>\n\t\t\t\t\t<\/a>\n\t\t\t\t<\/div>\n\t\t\t\t\t\t\t\t<\/div>\n\t\t\t\t<\/div>\n\t\t\t\t<div class=\"elementor-element elementor-element-87510cb elementor-widget elementor-widget-heading\" data-id=\"87510cb\" data-element_type=\"widget\" data-e-type=\"widget\" data-widget_type=\"heading.default\">\n\t\t\t\t<div class=\"elementor-widget-container\">\n\t\t\t\t\t<div class=\"elementor-heading-title elementor-size-default\">Completa el formulario que se encuentra en la parte superior  y nos comunicaremos contigo lo antes posible.<\/br><\/br>\n\nLos precios reflejan nuestra mejor aproximaci\u00f3n de las tarifas de temporada baja y est\u00e1n sujetos a cambios en cualquier momento. Recibir\u00e1s un precio 100% exacto al consultarnos.<\/div>\t\t\t\t<\/div>\n\t\t\t\t<\/div>\n\t\t\t\t<\/div>\n\t\t\t\t\t<\/div>\n\t\t\t\t<\/div>\n\t\t\t\t<\/div>\n\t\t","protected":false},"excerpt":{"rendered":"<p>[rank_math_breadcrumb] Previous Next What&#8217;s Included Gu\u00eda biling\u00fce \/ Conductor Transporte Privado con A\/C Gu\u00eda Tabla y equipo (casco, guantes, traje) Entrada al\u00a0Volc\u00e1n Hielera con bebidas (agua, soda &amp; jugo) Prices 2 Pax 3-5 Pax 6+ Pax $150.00 pp $125.00 pp $100.00 pp GET A FREE QUOTE Completa el formulario que se encuentra en la parte [&hellip;]<\/p>\n","protected":false},"author":4,"featured_media":0,"parent":0,"menu_order":0,"comment_status":"closed","ping_status":"closed","template":"elementor_header_footer","meta":{"inline_featured_image":false,"footnotes":""},"class_list":["post-14741","page","type-page","status-publish","hentry"],"yoast_head":"<!-- This site is optimized with the Yoast SEO plugin v27.4 - https:\/\/yoast.com\/product\/yoast-seo-wordpress\/ -->\n<title>Sandboarding en Volc\u00e1n Cerro Negro | Munditur Tours Nicaragua<\/title>\n<meta name=\"robots\" content=\"index, follow, max-snippet:-1, max-image-preview:large, max-video-preview:-1\" \/>\n<link rel=\"canonical\" href=\"https:\/\/www.munditurtours.com\/es\/cerro-negro-volcano-boarding\/\" \/>\n<meta property=\"og:locale\" content=\"es_ES\" \/>\n<meta property=\"og:type\" content=\"article\" \/>\n<meta property=\"og:title\" content=\"Sandboarding en Volc\u00e1n Cerro Negro | Munditur Tours Nicaragua\" \/>\n<meta property=\"og:description\" content=\"[rank_math_breadcrumb] Previous Next What&#8217;s Included Gu\u00eda biling\u00fce \/ Conductor Transporte Privado con A\/C Gu\u00eda Tabla y equipo (casco, guantes, traje) Entrada al\u00a0Volc\u00e1n Hielera con bebidas (agua, soda &amp; jugo) Prices 2 Pax 3-5 Pax 6+ Pax $150.00 pp $125.00 pp $100.00 pp GET A FREE QUOTE Completa el formulario que se encuentra en la parte [&hellip;]\" \/>\n<meta property=\"og:url\" content=\"https:\/\/www.munditurtours.com\/es\/cerro-negro-volcano-boarding\/\" \/>\n<meta property=\"og:site_name\" content=\"Munditur Tours Nicaragua\" \/>\n<meta property=\"article:publisher\" content=\"https:\/\/www.facebook.com\/munditurnic\/\" \/>\n<meta property=\"article:modified_time\" content=\"2024-04-26T21:34:09+00:00\" \/>\n<meta property=\"og:image\" content=\"https:\/\/www.munditurtours.com\/wp-content\/uploads\/2015\/10\/LogoMunditur1.png\" \/>\n\t<meta property=\"og:image:width\" content=\"201\" \/>\n\t<meta property=\"og:image:height\" content=\"72\" \/>\n\t<meta property=\"og:image:type\" content=\"image\/png\" \/>\n<meta name=\"twitter:card\" content=\"summary_large_image\" \/>\n<script type=\"application\/ld+json\" class=\"yoast-schema-graph\">{\"@context\":\"https:\\\/\\\/schema.org\",\"@graph\":[{\"@type\":\"WebPage\",\"@id\":\"https:\\\/\\\/www.munditurtours.com\\\/es\\\/cerro-negro-volcano-boarding\\\/\",\"url\":\"https:\\\/\\\/www.munditurtours.com\\\/es\\\/cerro-negro-volcano-boarding\\\/\",\"name\":\"Sandboarding en Volc\u00e1n Cerro Negro | Munditur Tours Nicaragua\",\"isPartOf\":{\"@id\":\"https:\\\/\\\/www.munditurtours.com\\\/#website\"},\"datePublished\":\"2015-12-10T00:49:52+00:00\",\"dateModified\":\"2024-04-26T21:34:09+00:00\",\"breadcrumb\":{\"@id\":\"https:\\\/\\\/www.munditurtours.com\\\/es\\\/cerro-negro-volcano-boarding\\\/#breadcrumb\"},\"inLanguage\":\"es\",\"potentialAction\":[{\"@type\":\"ReadAction\",\"target\":[\"https:\\\/\\\/www.munditurtours.com\\\/es\\\/cerro-negro-volcano-boarding\\\/\"]}]},{\"@type\":\"BreadcrumbList\",\"@id\":\"https:\\\/\\\/www.munditurtours.com\\\/es\\\/cerro-negro-volcano-boarding\\\/#breadcrumb\",\"itemListElement\":[{\"@type\":\"ListItem\",\"position\":1,\"name\":\"Home\",\"item\":\"https:\\\/\\\/www.munditurtours.com\\\/\"},{\"@type\":\"ListItem\",\"position\":2,\"name\":\"Sandboarding en Volc\u00e1n Cerro Negro\"}]},{\"@type\":\"WebSite\",\"@id\":\"https:\\\/\\\/www.munditurtours.com\\\/#website\",\"url\":\"https:\\\/\\\/www.munditurtours.com\\\/\",\"name\":\"Munditur Tours Nicaragua\",\"description\":\"Safaris, Adventure and Fishing Nicaragua tour operator\",\"publisher\":{\"@id\":\"https:\\\/\\\/www.munditurtours.com\\\/#organization\"},\"potentialAction\":[{\"@type\":\"SearchAction\",\"target\":{\"@type\":\"EntryPoint\",\"urlTemplate\":\"https:\\\/\\\/www.munditurtours.com\\\/?s={search_term_string}\"},\"query-input\":{\"@type\":\"PropertyValueSpecification\",\"valueRequired\":true,\"valueName\":\"search_term_string\"}}],\"inLanguage\":\"es\"},{\"@type\":\"Organization\",\"@id\":\"https:\\\/\\\/www.munditurtours.com\\\/#organization\",\"name\":\"Munditur Tours Nicaragua\",\"url\":\"https:\\\/\\\/www.munditurtours.com\\\/\",\"logo\":{\"@type\":\"ImageObject\",\"inLanguage\":\"es\",\"@id\":\"https:\\\/\\\/www.munditurtours.com\\\/#\\\/schema\\\/logo\\\/image\\\/\",\"url\":\"https:\\\/\\\/www.munditurtours.com\\\/wp-content\\\/uploads\\\/2015\\\/10\\\/LogoMunditur1.png\",\"contentUrl\":\"https:\\\/\\\/www.munditurtours.com\\\/wp-content\\\/uploads\\\/2015\\\/10\\\/LogoMunditur1.png\",\"width\":201,\"height\":72,\"caption\":\"Munditur Tours Nicaragua\"},\"image\":{\"@id\":\"https:\\\/\\\/www.munditurtours.com\\\/#\\\/schema\\\/logo\\\/image\\\/\"},\"sameAs\":[\"https:\\\/\\\/www.facebook.com\\\/munditurnic\\\/\"]}]}<\/script>\n<!-- \/ Yoast SEO plugin. -->","yoast_head_json":{"title":"Sandboarding en Volc\u00e1n Cerro Negro | Munditur Tours Nicaragua","robots":{"index":"index","follow":"follow","max-snippet":"max-snippet:-1","max-image-preview":"max-image-preview:large","max-video-preview":"max-video-preview:-1"},"canonical":"https:\/\/www.munditurtours.com\/es\/cerro-negro-volcano-boarding\/","og_locale":"es_ES","og_type":"article","og_title":"Sandboarding en Volc\u00e1n Cerro Negro | Munditur Tours Nicaragua","og_description":"[rank_math_breadcrumb] Previous Next What&#8217;s Included Gu\u00eda biling\u00fce \/ Conductor Transporte Privado con A\/C Gu\u00eda Tabla y equipo (casco, guantes, traje) Entrada al\u00a0Volc\u00e1n Hielera con bebidas (agua, soda &amp; jugo) Prices 2 Pax 3-5 Pax 6+ Pax $150.00 pp $125.00 pp $100.00 pp GET A FREE QUOTE Completa el formulario que se encuentra en la parte [&hellip;]","og_url":"https:\/\/www.munditurtours.com\/es\/cerro-negro-volcano-boarding\/","og_site_name":"Munditur Tours Nicaragua","article_publisher":"https:\/\/www.facebook.com\/munditurnic\/","article_modified_time":"2024-04-26T21:34:09+00:00","og_image":[{"width":201,"height":72,"url":"https:\/\/www.munditurtours.com\/wp-content\/uploads\/2015\/10\/LogoMunditur1.png","type":"image\/png"}],"twitter_card":"summary_large_image","schema":{"@context":"https:\/\/schema.org","@graph":[{"@type":"WebPage","@id":"https:\/\/www.munditurtours.com\/es\/cerro-negro-volcano-boarding\/","url":"https:\/\/www.munditurtours.com\/es\/cerro-negro-volcano-boarding\/","name":"Sandboarding en Volc\u00e1n Cerro Negro | Munditur Tours Nicaragua","isPartOf":{"@id":"https:\/\/www.munditurtours.com\/#website"},"datePublished":"2015-12-10T00:49:52+00:00","dateModified":"2024-04-26T21:34:09+00:00","breadcrumb":{"@id":"https:\/\/www.munditurtours.com\/es\/cerro-negro-volcano-boarding\/#breadcrumb"},"inLanguage":"es","potentialAction":[{"@type":"ReadAction","target":["https:\/\/www.munditurtours.com\/es\/cerro-negro-volcano-boarding\/"]}]},{"@type":"BreadcrumbList","@id":"https:\/\/www.munditurtours.com\/es\/cerro-negro-volcano-boarding\/#breadcrumb","itemListElement":[{"@type":"ListItem","position":1,"name":"Home","item":"https:\/\/www.munditurtours.com\/"},{"@type":"ListItem","position":2,"name":"Sandboarding en Volc\u00e1n Cerro Negro"}]},{"@type":"WebSite","@id":"https:\/\/www.munditurtours.com\/#website","url":"https:\/\/www.munditurtours.com\/","name":"Munditur Tours Nicaragua","description":"Safaris, Adventure and Fishing Nicaragua tour operator","publisher":{"@id":"https:\/\/www.munditurtours.com\/#organization"},"potentialAction":[{"@type":"SearchAction","target":{"@type":"EntryPoint","urlTemplate":"https:\/\/www.munditurtours.com\/?s={search_term_string}"},"query-input":{"@type":"PropertyValueSpecification","valueRequired":true,"valueName":"search_term_string"}}],"inLanguage":"es"},{"@type":"Organization","@id":"https:\/\/www.munditurtours.com\/#organization","name":"Munditur Tours Nicaragua","url":"https:\/\/www.munditurtours.com\/","logo":{"@type":"ImageObject","inLanguage":"es","@id":"https:\/\/www.munditurtours.com\/#\/schema\/logo\/image\/","url":"https:\/\/www.munditurtours.com\/wp-content\/uploads\/2015\/10\/LogoMunditur1.png","contentUrl":"https:\/\/www.munditurtours.com\/wp-content\/uploads\/2015\/10\/LogoMunditur1.png","width":201,"height":72,"caption":"Munditur Tours Nicaragua"},"image":{"@id":"https:\/\/www.munditurtours.com\/#\/schema\/logo\/image\/"},"sameAs":["https:\/\/www.facebook.com\/munditurnic\/"]}]}},"_links":{"self":[{"href":"https:\/\/www.munditurtours.com\/es\/wp-json\/wp\/v2\/pages\/14741","targetHints":{"allow":["GET"]}}],"collection":[{"href":"https:\/\/www.munditurtours.com\/es\/wp-json\/wp\/v2\/pages"}],"about":[{"href":"https:\/\/www.munditurtours.com\/es\/wp-json\/wp\/v2\/types\/page"}],"author":[{"embeddable":true,"href":"https:\/\/www.munditurtours.com\/es\/wp-json\/wp\/v2\/users\/4"}],"replies":[{"embeddable":true,"href":"https:\/\/www.munditurtours.com\/es\/wp-json\/wp\/v2\/comments?post=14741"}],"version-history":[{"count":0,"href":"https:\/\/www.munditurtours.com\/es\/wp-json\/wp\/v2\/pages\/14741\/revisions"}],"wp:attachment":[{"href":"https:\/\/www.munditurtours.com\/es\/wp-json\/wp\/v2\/media?parent=14741"}],"curies":[{"name":"wp","href":"https:\/\/api.w.org\/{rel}","templated":true}]}}