{"id":14752,"date":"2015-12-10T01:16:26","date_gmt":"2015-12-10T01:16:26","guid":{"rendered":"https:\/\/munditurtours.com\/?page_id=14752&#038;lang=es"},"modified":"2022-09-12T12:36:53","modified_gmt":"2022-09-12T18:36:53","slug":"leon-y-leon-viejo-tour","status":"publish","type":"page","link":"https:\/\/www.munditurtours.com\/es\/leon-y-leon-viejo-tour\/","title":{"rendered":"Tour de Le\u00f3n y Le\u00f3n Viejo"},"content":{"rendered":"<div data-canvas-width=\"365.06764681987755\">Visita a las Ruinas de Le\u00f3n viejo (sitio original adonde fue fundada la ciudad en 1524), recorrido por los hervideros de San Jacinto, ciudad colonial de le\u00f3n y su catedral en donde se encuentra la tumba del poeta Nicarag\u00fcense Rub\u00e9n Dar\u00edo.<\/div>\n<p><strong>Precio 2 pax<\/strong><\/p>\n<p>$120 Por persona<\/p>\n<p><strong>Precio\u00a05 + pax<\/strong><\/p>\n<p>$100\u00a0Por persona<\/p>\n","protected":false},"excerpt":{"rendered":"<p>Visita a las Ruinas de Le\u00f3n viejo (sitio original adonde fue fundada la ciudad en 1524), recorrido por los hervideros de San Jacinto, ciudad colonial de le\u00f3n y su catedral en donde se encuentra la tumba del poeta Nicarag\u00fcense Rub\u00e9n Dar\u00edo. Precio 2 pax $120 Por persona Precio\u00a05 + pax $100\u00a0Por persona<\/p>\n","protected":false},"author":4,"featured_media":0,"parent":0,"menu_order":0,"comment_status":"closed","ping_status":"closed","template":"","meta":{"inline_featured_image":false,"footnotes":""},"class_list":["post-14752","page","type-page","status-publish","hentry"],"yoast_head":"<!-- This site is optimized with the Yoast SEO plugin v27.4 - https:\/\/yoast.com\/product\/yoast-seo-wordpress\/ -->\n<title>Tour de Le\u00f3n y Le\u00f3n Viejo | Munditur Tours Nicaragua<\/title>\n<meta name=\"description\" content=\"Leon es una de las ciudades m\u00e1s hist\u00f3ricas y atractivas de toda Nicaragua. Si vienes de visita, Le\u00f3n es una parada obligatoria. Te vas a enamorar\" \/>\n<meta name=\"robots\" content=\"index, follow, max-snippet:-1, max-image-preview:large, max-video-preview:-1\" \/>\n<link rel=\"canonical\" href=\"https:\/\/www.munditurtours.com\/es\/leon-y-leon-viejo-tour\/\" \/>\n<meta property=\"og:locale\" content=\"es_ES\" \/>\n<meta property=\"og:type\" content=\"article\" \/>\n<meta property=\"og:title\" content=\"Tour de Le\u00f3n y Le\u00f3n Viejo | Munditur Tours Nicaragua\" \/>\n<meta property=\"og:description\" content=\"Leon es una de las ciudades m\u00e1s hist\u00f3ricas y atractivas de toda Nicaragua. Si vienes de visita, Le\u00f3n es una parada obligatoria. Te vas a enamorar\" \/>\n<meta property=\"og:url\" content=\"https:\/\/www.munditurtours.com\/es\/leon-y-leon-viejo-tour\/\" \/>\n<meta property=\"og:site_name\" content=\"Munditur Tours Nicaragua\" \/>\n<meta property=\"article:publisher\" content=\"https:\/\/www.facebook.com\/munditurnic\/\" \/>\n<meta property=\"article:modified_time\" content=\"2022-09-12T18:36:53+00:00\" \/>\n<meta property=\"og:image\" content=\"https:\/\/www.munditurtours.com\/wp-content\/uploads\/2015\/10\/LogoMunditur1.png\" \/>\n\t<meta property=\"og:image:width\" content=\"201\" \/>\n\t<meta property=\"og:image:height\" content=\"72\" \/>\n\t<meta property=\"og:image:type\" content=\"image\/png\" \/>\n<meta name=\"twitter:card\" content=\"summary_large_image\" \/>\n<script type=\"application\/ld+json\" class=\"yoast-schema-graph\">{\"@context\":\"https:\\\/\\\/schema.org\",\"@graph\":[{\"@type\":\"WebPage\",\"@id\":\"https:\\\/\\\/www.munditurtours.com\\\/es\\\/leon-y-leon-viejo-tour\\\/\",\"url\":\"https:\\\/\\\/www.munditurtours.com\\\/es\\\/leon-y-leon-viejo-tour\\\/\",\"name\":\"Tour de Le\u00f3n y Le\u00f3n Viejo | Munditur Tours Nicaragua\",\"isPartOf\":{\"@id\":\"https:\\\/\\\/www.munditurtours.com\\\/#website\"},\"datePublished\":\"2015-12-10T01:16:26+00:00\",\"dateModified\":\"2022-09-12T18:36:53+00:00\",\"description\":\"Leon es una de las ciudades m\u00e1s hist\u00f3ricas y atractivas de toda Nicaragua. Si vienes de visita, Le\u00f3n es una parada obligatoria. Te vas a enamorar\",\"breadcrumb\":{\"@id\":\"https:\\\/\\\/www.munditurtours.com\\\/es\\\/leon-y-leon-viejo-tour\\\/#breadcrumb\"},\"inLanguage\":\"es\",\"potentialAction\":[{\"@type\":\"ReadAction\",\"target\":[\"https:\\\/\\\/www.munditurtours.com\\\/es\\\/leon-y-leon-viejo-tour\\\/\"]}]},{\"@type\":\"BreadcrumbList\",\"@id\":\"https:\\\/\\\/www.munditurtours.com\\\/es\\\/leon-y-leon-viejo-tour\\\/#breadcrumb\",\"itemListElement\":[{\"@type\":\"ListItem\",\"position\":1,\"name\":\"Home\",\"item\":\"https:\\\/\\\/www.munditurtours.com\\\/\"},{\"@type\":\"ListItem\",\"position\":2,\"name\":\"Tour de Le\u00f3n y Le\u00f3n Viejo\"}]},{\"@type\":\"WebSite\",\"@id\":\"https:\\\/\\\/www.munditurtours.com\\\/#website\",\"url\":\"https:\\\/\\\/www.munditurtours.com\\\/\",\"name\":\"Munditur Tours Nicaragua\",\"description\":\"Safaris, Adventure and Fishing Nicaragua tour operator\",\"publisher\":{\"@id\":\"https:\\\/\\\/www.munditurtours.com\\\/#organization\"},\"potentialAction\":[{\"@type\":\"SearchAction\",\"target\":{\"@type\":\"EntryPoint\",\"urlTemplate\":\"https:\\\/\\\/www.munditurtours.com\\\/?s={search_term_string}\"},\"query-input\":{\"@type\":\"PropertyValueSpecification\",\"valueRequired\":true,\"valueName\":\"search_term_string\"}}],\"inLanguage\":\"es\"},{\"@type\":\"Organization\",\"@id\":\"https:\\\/\\\/www.munditurtours.com\\\/#organization\",\"name\":\"Munditur Tours Nicaragua\",\"url\":\"https:\\\/\\\/www.munditurtours.com\\\/\",\"logo\":{\"@type\":\"ImageObject\",\"inLanguage\":\"es\",\"@id\":\"https:\\\/\\\/www.munditurtours.com\\\/#\\\/schema\\\/logo\\\/image\\\/\",\"url\":\"https:\\\/\\\/www.munditurtours.com\\\/wp-content\\\/uploads\\\/2015\\\/10\\\/LogoMunditur1.png\",\"contentUrl\":\"https:\\\/\\\/www.munditurtours.com\\\/wp-content\\\/uploads\\\/2015\\\/10\\\/LogoMunditur1.png\",\"width\":201,\"height\":72,\"caption\":\"Munditur Tours Nicaragua\"},\"image\":{\"@id\":\"https:\\\/\\\/www.munditurtours.com\\\/#\\\/schema\\\/logo\\\/image\\\/\"},\"sameAs\":[\"https:\\\/\\\/www.facebook.com\\\/munditurnic\\\/\"]}]}<\/script>\n<!-- \/ Yoast SEO plugin. -->","yoast_head_json":{"title":"Tour de Le\u00f3n y Le\u00f3n Viejo | Munditur Tours Nicaragua","description":"Leon es una de las ciudades m\u00e1s hist\u00f3ricas y atractivas de toda Nicaragua. Si vienes de visita, Le\u00f3n es una parada obligatoria. Te vas a enamorar","robots":{"index":"index","follow":"follow","max-snippet":"max-snippet:-1","max-image-preview":"max-image-preview:large","max-video-preview":"max-video-preview:-1"},"canonical":"https:\/\/www.munditurtours.com\/es\/leon-y-leon-viejo-tour\/","og_locale":"es_ES","og_type":"article","og_title":"Tour de Le\u00f3n y Le\u00f3n Viejo | Munditur Tours Nicaragua","og_description":"Leon es una de las ciudades m\u00e1s hist\u00f3ricas y atractivas de toda Nicaragua. Si vienes de visita, Le\u00f3n es una parada obligatoria. Te vas a enamorar","og_url":"https:\/\/www.munditurtours.com\/es\/leon-y-leon-viejo-tour\/","og_site_name":"Munditur Tours Nicaragua","article_publisher":"https:\/\/www.facebook.com\/munditurnic\/","article_modified_time":"2022-09-12T18:36:53+00:00","og_image":[{"width":201,"height":72,"url":"https:\/\/www.munditurtours.com\/wp-content\/uploads\/2015\/10\/LogoMunditur1.png","type":"image\/png"}],"twitter_card":"summary_large_image","schema":{"@context":"https:\/\/schema.org","@graph":[{"@type":"WebPage","@id":"https:\/\/www.munditurtours.com\/es\/leon-y-leon-viejo-tour\/","url":"https:\/\/www.munditurtours.com\/es\/leon-y-leon-viejo-tour\/","name":"Tour de Le\u00f3n y Le\u00f3n Viejo | Munditur Tours Nicaragua","isPartOf":{"@id":"https:\/\/www.munditurtours.com\/#website"},"datePublished":"2015-12-10T01:16:26+00:00","dateModified":"2022-09-12T18:36:53+00:00","description":"Leon es una de las ciudades m\u00e1s hist\u00f3ricas y atractivas de toda Nicaragua. Si vienes de visita, Le\u00f3n es una parada obligatoria. Te vas a enamorar","breadcrumb":{"@id":"https:\/\/www.munditurtours.com\/es\/leon-y-leon-viejo-tour\/#breadcrumb"},"inLanguage":"es","potentialAction":[{"@type":"ReadAction","target":["https:\/\/www.munditurtours.com\/es\/leon-y-leon-viejo-tour\/"]}]},{"@type":"BreadcrumbList","@id":"https:\/\/www.munditurtours.com\/es\/leon-y-leon-viejo-tour\/#breadcrumb","itemListElement":[{"@type":"ListItem","position":1,"name":"Home","item":"https:\/\/www.munditurtours.com\/"},{"@type":"ListItem","position":2,"name":"Tour de Le\u00f3n y Le\u00f3n Viejo"}]},{"@type":"WebSite","@id":"https:\/\/www.munditurtours.com\/#website","url":"https:\/\/www.munditurtours.com\/","name":"Munditur Tours Nicaragua","description":"Safaris, Adventure and Fishing Nicaragua tour operator","publisher":{"@id":"https:\/\/www.munditurtours.com\/#organization"},"potentialAction":[{"@type":"SearchAction","target":{"@type":"EntryPoint","urlTemplate":"https:\/\/www.munditurtours.com\/?s={search_term_string}"},"query-input":{"@type":"PropertyValueSpecification","valueRequired":true,"valueName":"search_term_string"}}],"inLanguage":"es"},{"@type":"Organization","@id":"https:\/\/www.munditurtours.com\/#organization","name":"Munditur Tours Nicaragua","url":"https:\/\/www.munditurtours.com\/","logo":{"@type":"ImageObject","inLanguage":"es","@id":"https:\/\/www.munditurtours.com\/#\/schema\/logo\/image\/","url":"https:\/\/www.munditurtours.com\/wp-content\/uploads\/2015\/10\/LogoMunditur1.png","contentUrl":"https:\/\/www.munditurtours.com\/wp-content\/uploads\/2015\/10\/LogoMunditur1.png","width":201,"height":72,"caption":"Munditur Tours Nicaragua"},"image":{"@id":"https:\/\/www.munditurtours.com\/#\/schema\/logo\/image\/"},"sameAs":["https:\/\/www.facebook.com\/munditurnic\/"]}]}},"_links":{"self":[{"href":"https:\/\/www.munditurtours.com\/es\/wp-json\/wp\/v2\/pages\/14752","targetHints":{"allow":["GET"]}}],"collection":[{"href":"https:\/\/www.munditurtours.com\/es\/wp-json\/wp\/v2\/pages"}],"about":[{"href":"https:\/\/www.munditurtours.com\/es\/wp-json\/wp\/v2\/types\/page"}],"author":[{"embeddable":true,"href":"https:\/\/www.munditurtours.com\/es\/wp-json\/wp\/v2\/users\/4"}],"replies":[{"embeddable":true,"href":"https:\/\/www.munditurtours.com\/es\/wp-json\/wp\/v2\/comments?post=14752"}],"version-history":[{"count":0,"href":"https:\/\/www.munditurtours.com\/es\/wp-json\/wp\/v2\/pages\/14752\/revisions"}],"wp:attachment":[{"href":"https:\/\/www.munditurtours.com\/es\/wp-json\/wp\/v2\/media?parent=14752"}],"curies":[{"name":"wp","href":"https:\/\/api.w.org\/{rel}","templated":true}]}}