{"id":14766,"date":"2015-12-10T01:52:04","date_gmt":"2015-12-10T01:52:04","guid":{"rendered":"https:\/\/munditurtours.com\/?page_id=14766&#038;lang=es"},"modified":"2022-09-12T12:40:11","modified_gmt":"2022-09-12T18:40:11","slug":"tour-de-matagalpa-selva-negra","status":"publish","type":"page","link":"https:\/\/www.munditurtours.com\/es\/tour-de-matagalpa-selva-negra\/","title":{"rendered":"Tour de Matagalpa &#038; Selva Negra"},"content":{"rendered":"<p>&nbsp;<\/p>\n<p>Viaje a las monta\u00f1as en el norte de Nicaragua. Visita al pueblo natal del Poeta Rub\u00e9n Dar\u00edo, recorrido por la ciudad de Matagalpa, visita al hotel y beneficio de caf\u00e9 Selva Negra para almorzar y por la tarde tomar recorrido por el bosque o hacer otras actividades opcionales.<\/p>\n<p>Incluye:<\/p>\n<ul>\n<li>Guia bilingue \/ Conductor<\/li>\n<li>Transporte con A\/C<\/li>\n<li>Entradas<\/li>\n<li>Hielera con bebidas (agua, soda &amp; jugo)<\/li>\n<\/ul>\n<p>Precio $110 Por Persona<\/p>\n<p>Precio $90 Por Persona<\/p>\n<p>&nbsp;<\/p>\n","protected":false},"excerpt":{"rendered":"<p>&nbsp; Viaje a las monta\u00f1as en el norte de Nicaragua. Visita al pueblo natal del Poeta Rub\u00e9n Dar\u00edo, recorrido por la ciudad de Matagalpa, visita al hotel y beneficio de caf\u00e9 Selva Negra para almorzar y por la tarde tomar recorrido por el bosque o hacer otras actividades opcionales. Incluye: Guia bilingue \/ Conductor Transporte [&hellip;]<\/p>\n","protected":false},"author":4,"featured_media":0,"parent":0,"menu_order":0,"comment_status":"closed","ping_status":"closed","template":"","meta":{"inline_featured_image":false,"footnotes":""},"class_list":["post-14766","page","type-page","status-publish","hentry"],"yoast_head":"<!-- This site is optimized with the Yoast SEO plugin v27.4 - https:\/\/yoast.com\/product\/yoast-seo-wordpress\/ -->\n<title>Tour de Matagalpa &amp; Selva Negra | Munditur Tours Nicaragua<\/title>\n<meta name=\"description\" content=\"El tour de Matagalpa y Selva Negra ofrece un tour por la ciudad y una visita un incre\u00edble hotel de monta\u00f1a con el beneficio de caf\u00e9.\" \/>\n<meta name=\"robots\" content=\"index, follow, max-snippet:-1, max-image-preview:large, max-video-preview:-1\" \/>\n<link rel=\"canonical\" href=\"https:\/\/www.munditurtours.com\/es\/tour-de-matagalpa-selva-negra\/\" \/>\n<meta property=\"og:locale\" content=\"es_ES\" \/>\n<meta property=\"og:type\" content=\"article\" \/>\n<meta property=\"og:title\" content=\"Tour de Matagalpa &amp; Selva Negra | Munditur Tours Nicaragua\" \/>\n<meta property=\"og:description\" content=\"El tour de Matagalpa y Selva Negra ofrece un tour por la ciudad y una visita un incre\u00edble hotel de monta\u00f1a con el beneficio de caf\u00e9.\" \/>\n<meta property=\"og:url\" content=\"https:\/\/www.munditurtours.com\/es\/tour-de-matagalpa-selva-negra\/\" \/>\n<meta property=\"og:site_name\" content=\"Munditur Tours Nicaragua\" \/>\n<meta property=\"article:publisher\" content=\"https:\/\/www.facebook.com\/munditurnic\/\" \/>\n<meta property=\"article:modified_time\" content=\"2022-09-12T18:40:11+00:00\" \/>\n<meta property=\"og:image\" content=\"https:\/\/www.munditurtours.com\/wp-content\/uploads\/2015\/10\/LogoMunditur1.png\" \/>\n\t<meta property=\"og:image:width\" content=\"201\" \/>\n\t<meta property=\"og:image:height\" content=\"72\" \/>\n\t<meta property=\"og:image:type\" content=\"image\/png\" \/>\n<meta name=\"twitter:card\" content=\"summary_large_image\" \/>\n<script type=\"application\/ld+json\" class=\"yoast-schema-graph\">{\"@context\":\"https:\\\/\\\/schema.org\",\"@graph\":[{\"@type\":\"WebPage\",\"@id\":\"https:\\\/\\\/www.munditurtours.com\\\/es\\\/tour-de-matagalpa-selva-negra\\\/\",\"url\":\"https:\\\/\\\/www.munditurtours.com\\\/es\\\/tour-de-matagalpa-selva-negra\\\/\",\"name\":\"Tour de Matagalpa & Selva Negra | Munditur Tours Nicaragua\",\"isPartOf\":{\"@id\":\"https:\\\/\\\/www.munditurtours.com\\\/#website\"},\"datePublished\":\"2015-12-10T01:52:04+00:00\",\"dateModified\":\"2022-09-12T18:40:11+00:00\",\"description\":\"El tour de Matagalpa y Selva Negra ofrece un tour por la ciudad y una visita un incre\u00edble hotel de monta\u00f1a con el beneficio de caf\u00e9.\",\"breadcrumb\":{\"@id\":\"https:\\\/\\\/www.munditurtours.com\\\/es\\\/tour-de-matagalpa-selva-negra\\\/#breadcrumb\"},\"inLanguage\":\"es\",\"potentialAction\":[{\"@type\":\"ReadAction\",\"target\":[\"https:\\\/\\\/www.munditurtours.com\\\/es\\\/tour-de-matagalpa-selva-negra\\\/\"]}]},{\"@type\":\"BreadcrumbList\",\"@id\":\"https:\\\/\\\/www.munditurtours.com\\\/es\\\/tour-de-matagalpa-selva-negra\\\/#breadcrumb\",\"itemListElement\":[{\"@type\":\"ListItem\",\"position\":1,\"name\":\"Home\",\"item\":\"https:\\\/\\\/www.munditurtours.com\\\/\"},{\"@type\":\"ListItem\",\"position\":2,\"name\":\"Tour de Matagalpa &#038; Selva Negra\"}]},{\"@type\":\"WebSite\",\"@id\":\"https:\\\/\\\/www.munditurtours.com\\\/#website\",\"url\":\"https:\\\/\\\/www.munditurtours.com\\\/\",\"name\":\"Munditur Tours Nicaragua\",\"description\":\"Safaris, Adventure and Fishing Nicaragua tour operator\",\"publisher\":{\"@id\":\"https:\\\/\\\/www.munditurtours.com\\\/#organization\"},\"potentialAction\":[{\"@type\":\"SearchAction\",\"target\":{\"@type\":\"EntryPoint\",\"urlTemplate\":\"https:\\\/\\\/www.munditurtours.com\\\/?s={search_term_string}\"},\"query-input\":{\"@type\":\"PropertyValueSpecification\",\"valueRequired\":true,\"valueName\":\"search_term_string\"}}],\"inLanguage\":\"es\"},{\"@type\":\"Organization\",\"@id\":\"https:\\\/\\\/www.munditurtours.com\\\/#organization\",\"name\":\"Munditur Tours Nicaragua\",\"url\":\"https:\\\/\\\/www.munditurtours.com\\\/\",\"logo\":{\"@type\":\"ImageObject\",\"inLanguage\":\"es\",\"@id\":\"https:\\\/\\\/www.munditurtours.com\\\/#\\\/schema\\\/logo\\\/image\\\/\",\"url\":\"https:\\\/\\\/www.munditurtours.com\\\/wp-content\\\/uploads\\\/2015\\\/10\\\/LogoMunditur1.png\",\"contentUrl\":\"https:\\\/\\\/www.munditurtours.com\\\/wp-content\\\/uploads\\\/2015\\\/10\\\/LogoMunditur1.png\",\"width\":201,\"height\":72,\"caption\":\"Munditur Tours Nicaragua\"},\"image\":{\"@id\":\"https:\\\/\\\/www.munditurtours.com\\\/#\\\/schema\\\/logo\\\/image\\\/\"},\"sameAs\":[\"https:\\\/\\\/www.facebook.com\\\/munditurnic\\\/\"]}]}<\/script>\n<!-- \/ Yoast SEO plugin. -->","yoast_head_json":{"title":"Tour de Matagalpa & Selva Negra | Munditur Tours Nicaragua","description":"El tour de Matagalpa y Selva Negra ofrece un tour por la ciudad y una visita un incre\u00edble hotel de monta\u00f1a con el beneficio de caf\u00e9.","robots":{"index":"index","follow":"follow","max-snippet":"max-snippet:-1","max-image-preview":"max-image-preview:large","max-video-preview":"max-video-preview:-1"},"canonical":"https:\/\/www.munditurtours.com\/es\/tour-de-matagalpa-selva-negra\/","og_locale":"es_ES","og_type":"article","og_title":"Tour de Matagalpa & Selva Negra | Munditur Tours Nicaragua","og_description":"El tour de Matagalpa y Selva Negra ofrece un tour por la ciudad y una visita un incre\u00edble hotel de monta\u00f1a con el beneficio de caf\u00e9.","og_url":"https:\/\/www.munditurtours.com\/es\/tour-de-matagalpa-selva-negra\/","og_site_name":"Munditur Tours Nicaragua","article_publisher":"https:\/\/www.facebook.com\/munditurnic\/","article_modified_time":"2022-09-12T18:40:11+00:00","og_image":[{"width":201,"height":72,"url":"https:\/\/www.munditurtours.com\/wp-content\/uploads\/2015\/10\/LogoMunditur1.png","type":"image\/png"}],"twitter_card":"summary_large_image","schema":{"@context":"https:\/\/schema.org","@graph":[{"@type":"WebPage","@id":"https:\/\/www.munditurtours.com\/es\/tour-de-matagalpa-selva-negra\/","url":"https:\/\/www.munditurtours.com\/es\/tour-de-matagalpa-selva-negra\/","name":"Tour de Matagalpa & Selva Negra | Munditur Tours Nicaragua","isPartOf":{"@id":"https:\/\/www.munditurtours.com\/#website"},"datePublished":"2015-12-10T01:52:04+00:00","dateModified":"2022-09-12T18:40:11+00:00","description":"El tour de Matagalpa y Selva Negra ofrece un tour por la ciudad y una visita un incre\u00edble hotel de monta\u00f1a con el beneficio de caf\u00e9.","breadcrumb":{"@id":"https:\/\/www.munditurtours.com\/es\/tour-de-matagalpa-selva-negra\/#breadcrumb"},"inLanguage":"es","potentialAction":[{"@type":"ReadAction","target":["https:\/\/www.munditurtours.com\/es\/tour-de-matagalpa-selva-negra\/"]}]},{"@type":"BreadcrumbList","@id":"https:\/\/www.munditurtours.com\/es\/tour-de-matagalpa-selva-negra\/#breadcrumb","itemListElement":[{"@type":"ListItem","position":1,"name":"Home","item":"https:\/\/www.munditurtours.com\/"},{"@type":"ListItem","position":2,"name":"Tour de Matagalpa &#038; Selva Negra"}]},{"@type":"WebSite","@id":"https:\/\/www.munditurtours.com\/#website","url":"https:\/\/www.munditurtours.com\/","name":"Munditur Tours Nicaragua","description":"Safaris, Adventure and Fishing Nicaragua tour operator","publisher":{"@id":"https:\/\/www.munditurtours.com\/#organization"},"potentialAction":[{"@type":"SearchAction","target":{"@type":"EntryPoint","urlTemplate":"https:\/\/www.munditurtours.com\/?s={search_term_string}"},"query-input":{"@type":"PropertyValueSpecification","valueRequired":true,"valueName":"search_term_string"}}],"inLanguage":"es"},{"@type":"Organization","@id":"https:\/\/www.munditurtours.com\/#organization","name":"Munditur Tours Nicaragua","url":"https:\/\/www.munditurtours.com\/","logo":{"@type":"ImageObject","inLanguage":"es","@id":"https:\/\/www.munditurtours.com\/#\/schema\/logo\/image\/","url":"https:\/\/www.munditurtours.com\/wp-content\/uploads\/2015\/10\/LogoMunditur1.png","contentUrl":"https:\/\/www.munditurtours.com\/wp-content\/uploads\/2015\/10\/LogoMunditur1.png","width":201,"height":72,"caption":"Munditur Tours Nicaragua"},"image":{"@id":"https:\/\/www.munditurtours.com\/#\/schema\/logo\/image\/"},"sameAs":["https:\/\/www.facebook.com\/munditurnic\/"]}]}},"_links":{"self":[{"href":"https:\/\/www.munditurtours.com\/es\/wp-json\/wp\/v2\/pages\/14766","targetHints":{"allow":["GET"]}}],"collection":[{"href":"https:\/\/www.munditurtours.com\/es\/wp-json\/wp\/v2\/pages"}],"about":[{"href":"https:\/\/www.munditurtours.com\/es\/wp-json\/wp\/v2\/types\/page"}],"author":[{"embeddable":true,"href":"https:\/\/www.munditurtours.com\/es\/wp-json\/wp\/v2\/users\/4"}],"replies":[{"embeddable":true,"href":"https:\/\/www.munditurtours.com\/es\/wp-json\/wp\/v2\/comments?post=14766"}],"version-history":[{"count":0,"href":"https:\/\/www.munditurtours.com\/es\/wp-json\/wp\/v2\/pages\/14766\/revisions"}],"wp:attachment":[{"href":"https:\/\/www.munditurtours.com\/es\/wp-json\/wp\/v2\/media?parent=14766"}],"curies":[{"name":"wp","href":"https:\/\/api.w.org\/{rel}","templated":true}]}}