{"id":14778,"date":"2015-12-10T02:13:23","date_gmt":"2015-12-10T02:13:23","guid":{"rendered":"https:\/\/munditurtours.com\/?page_id=14778&#038;lang=es"},"modified":"2024-04-26T15:58:29","modified_gmt":"2024-04-26T21:58:29","slug":"rio-san-juan","status":"publish","type":"page","link":"https:\/\/www.munditurtours.com\/es\/rio-san-juan\/","title":{"rendered":"Tour en Rio San Juan Nicaragua"},"content":{"rendered":"<p><strong>Incluye:<\/strong><\/p>\n<ul>\n<li>Guia bilingue \/ Conductor<\/li>\n<li>Transporte con A\/C (Managua \u2013 San Carlos \u2013 Managua)<\/li>\n<li>Tour a Solentiname, visitando el museo y los artesanos, pasando por la isla de los p\u00e1jaros<\/li>\n<li>Almuerzo y retorno hacia Montecristo en el Rio San Juan, dormir en Montecristo<\/li>\n<li>Segundo d\u00eda desayuno en Montecristo y tour al Castillo y la Reserva Indio-Ma\u00edz con refrigerios, si quieren almorzar en el Castillo es por su cuenta<\/li>\n<li>Camino a Montecristo pasar por los rio Poco Sol y\/o Poco Solito, Cena buffet en Montecristo<\/li>\n<li>Tour nocturno para ver cocodrilos<\/li>\n<li>El Tercer d\u00eda, desayuno, Cabalgata por la ma\u00f1ana en la reserva Montecristo, tiempo libre y almuerzo. Paseo por el rio S\u00e1balos<\/li>\n<\/ul>\n<p><strong>*Tambi\u00e9n disponible: Transporte y hospedaje en Montecristo (Todo incluido)<br \/>\n<\/strong><strong>Empezando en $375 p\/p (1 noche, 2 pax min) o $400 p\/p (2 noches, 2 pax min)<\/strong><\/p>\n<p><strong>Precio\u00a02 pax\u00a0<\/strong>$780\u00a0Por persona<\/p>\n<p><strong>Precio\u00a05-10 pax\u00a0<\/strong>$650\u00a0Por persona<\/p>\n<p><strong>Precio\u00a011 + pax\u00a0<\/strong>$615\u00a0Por persona<\/p>\n","protected":false},"excerpt":{"rendered":"<p>Incluye: Guia bilingue \/ Conductor Transporte con A\/C (Managua \u2013 San Carlos \u2013 Managua) Tour a Solentiname, visitando el museo y los artesanos, pasando por la isla de los p\u00e1jaros Almuerzo y retorno hacia Montecristo en el Rio San Juan, dormir en Montecristo Segundo d\u00eda desayuno en Montecristo y tour al Castillo y la Reserva [&hellip;]<\/p>\n","protected":false},"author":4,"featured_media":0,"parent":0,"menu_order":0,"comment_status":"closed","ping_status":"closed","template":"","meta":{"inline_featured_image":false,"footnotes":""},"class_list":["post-14778","page","type-page","status-publish","hentry"],"yoast_head":"<!-- This site is optimized with the Yoast SEO plugin v27.4 - https:\/\/yoast.com\/product\/yoast-seo-wordpress\/ -->\n<title>Tour en Rio San Juan Nicaragua | Munditur Tours Nicaragua<\/title>\n<meta name=\"robots\" content=\"index, follow, max-snippet:-1, max-image-preview:large, max-video-preview:-1\" \/>\n<link rel=\"canonical\" href=\"https:\/\/www.munditurtours.com\/es\/rio-san-juan\/\" \/>\n<meta property=\"og:locale\" content=\"es_ES\" \/>\n<meta property=\"og:type\" content=\"article\" \/>\n<meta property=\"og:title\" content=\"Tour en Rio San Juan Nicaragua | Munditur Tours Nicaragua\" \/>\n<meta property=\"og:description\" content=\"Incluye: Guia bilingue \/ Conductor Transporte con A\/C (Managua \u2013 San Carlos \u2013 Managua) Tour a Solentiname, visitando el museo y los artesanos, pasando por la isla de los p\u00e1jaros Almuerzo y retorno hacia Montecristo en el Rio San Juan, dormir en Montecristo Segundo d\u00eda desayuno en Montecristo y tour al Castillo y la Reserva [&hellip;]\" \/>\n<meta property=\"og:url\" content=\"https:\/\/www.munditurtours.com\/es\/rio-san-juan\/\" \/>\n<meta property=\"og:site_name\" content=\"Munditur Tours Nicaragua\" \/>\n<meta property=\"article:publisher\" content=\"https:\/\/www.facebook.com\/munditurnic\/\" \/>\n<meta property=\"article:modified_time\" content=\"2024-04-26T21:58:29+00:00\" \/>\n<meta property=\"og:image\" content=\"https:\/\/www.munditurtours.com\/wp-content\/uploads\/2015\/10\/LogoMunditur1.png\" \/>\n\t<meta property=\"og:image:width\" content=\"201\" \/>\n\t<meta property=\"og:image:height\" content=\"72\" \/>\n\t<meta property=\"og:image:type\" content=\"image\/png\" \/>\n<meta name=\"twitter:card\" content=\"summary_large_image\" \/>\n<meta name=\"twitter:label1\" content=\"Tiempo de lectura\" \/>\n\t<meta name=\"twitter:data1\" content=\"1 minuto\" \/>\n<script type=\"application\/ld+json\" class=\"yoast-schema-graph\">{\"@context\":\"https:\\\/\\\/schema.org\",\"@graph\":[{\"@type\":\"WebPage\",\"@id\":\"https:\\\/\\\/www.munditurtours.com\\\/es\\\/rio-san-juan\\\/\",\"url\":\"https:\\\/\\\/www.munditurtours.com\\\/es\\\/rio-san-juan\\\/\",\"name\":\"Tour en Rio San Juan Nicaragua | Munditur Tours Nicaragua\",\"isPartOf\":{\"@id\":\"https:\\\/\\\/www.munditurtours.com\\\/#website\"},\"datePublished\":\"2015-12-10T02:13:23+00:00\",\"dateModified\":\"2024-04-26T21:58:29+00:00\",\"breadcrumb\":{\"@id\":\"https:\\\/\\\/www.munditurtours.com\\\/es\\\/rio-san-juan\\\/#breadcrumb\"},\"inLanguage\":\"es\",\"potentialAction\":[{\"@type\":\"ReadAction\",\"target\":[\"https:\\\/\\\/www.munditurtours.com\\\/es\\\/rio-san-juan\\\/\"]}]},{\"@type\":\"BreadcrumbList\",\"@id\":\"https:\\\/\\\/www.munditurtours.com\\\/es\\\/rio-san-juan\\\/#breadcrumb\",\"itemListElement\":[{\"@type\":\"ListItem\",\"position\":1,\"name\":\"Home\",\"item\":\"https:\\\/\\\/www.munditurtours.com\\\/\"},{\"@type\":\"ListItem\",\"position\":2,\"name\":\"Tour en Rio San Juan Nicaragua\"}]},{\"@type\":\"WebSite\",\"@id\":\"https:\\\/\\\/www.munditurtours.com\\\/#website\",\"url\":\"https:\\\/\\\/www.munditurtours.com\\\/\",\"name\":\"Munditur Tours Nicaragua\",\"description\":\"Safaris, Adventure and Fishing Nicaragua tour operator\",\"publisher\":{\"@id\":\"https:\\\/\\\/www.munditurtours.com\\\/#organization\"},\"potentialAction\":[{\"@type\":\"SearchAction\",\"target\":{\"@type\":\"EntryPoint\",\"urlTemplate\":\"https:\\\/\\\/www.munditurtours.com\\\/?s={search_term_string}\"},\"query-input\":{\"@type\":\"PropertyValueSpecification\",\"valueRequired\":true,\"valueName\":\"search_term_string\"}}],\"inLanguage\":\"es\"},{\"@type\":\"Organization\",\"@id\":\"https:\\\/\\\/www.munditurtours.com\\\/#organization\",\"name\":\"Munditur Tours Nicaragua\",\"url\":\"https:\\\/\\\/www.munditurtours.com\\\/\",\"logo\":{\"@type\":\"ImageObject\",\"inLanguage\":\"es\",\"@id\":\"https:\\\/\\\/www.munditurtours.com\\\/#\\\/schema\\\/logo\\\/image\\\/\",\"url\":\"https:\\\/\\\/www.munditurtours.com\\\/wp-content\\\/uploads\\\/2015\\\/10\\\/LogoMunditur1.png\",\"contentUrl\":\"https:\\\/\\\/www.munditurtours.com\\\/wp-content\\\/uploads\\\/2015\\\/10\\\/LogoMunditur1.png\",\"width\":201,\"height\":72,\"caption\":\"Munditur Tours Nicaragua\"},\"image\":{\"@id\":\"https:\\\/\\\/www.munditurtours.com\\\/#\\\/schema\\\/logo\\\/image\\\/\"},\"sameAs\":[\"https:\\\/\\\/www.facebook.com\\\/munditurnic\\\/\"]}]}<\/script>\n<!-- \/ Yoast SEO plugin. -->","yoast_head_json":{"title":"Tour en Rio San Juan Nicaragua | Munditur Tours Nicaragua","robots":{"index":"index","follow":"follow","max-snippet":"max-snippet:-1","max-image-preview":"max-image-preview:large","max-video-preview":"max-video-preview:-1"},"canonical":"https:\/\/www.munditurtours.com\/es\/rio-san-juan\/","og_locale":"es_ES","og_type":"article","og_title":"Tour en Rio San Juan Nicaragua | Munditur Tours Nicaragua","og_description":"Incluye: Guia bilingue \/ Conductor Transporte con A\/C (Managua \u2013 San Carlos \u2013 Managua) Tour a Solentiname, visitando el museo y los artesanos, pasando por la isla de los p\u00e1jaros Almuerzo y retorno hacia Montecristo en el Rio San Juan, dormir en Montecristo Segundo d\u00eda desayuno en Montecristo y tour al Castillo y la Reserva [&hellip;]","og_url":"https:\/\/www.munditurtours.com\/es\/rio-san-juan\/","og_site_name":"Munditur Tours Nicaragua","article_publisher":"https:\/\/www.facebook.com\/munditurnic\/","article_modified_time":"2024-04-26T21:58:29+00:00","og_image":[{"width":201,"height":72,"url":"https:\/\/www.munditurtours.com\/wp-content\/uploads\/2015\/10\/LogoMunditur1.png","type":"image\/png"}],"twitter_card":"summary_large_image","twitter_misc":{"Tiempo de lectura":"1 minuto"},"schema":{"@context":"https:\/\/schema.org","@graph":[{"@type":"WebPage","@id":"https:\/\/www.munditurtours.com\/es\/rio-san-juan\/","url":"https:\/\/www.munditurtours.com\/es\/rio-san-juan\/","name":"Tour en Rio San Juan Nicaragua | Munditur Tours Nicaragua","isPartOf":{"@id":"https:\/\/www.munditurtours.com\/#website"},"datePublished":"2015-12-10T02:13:23+00:00","dateModified":"2024-04-26T21:58:29+00:00","breadcrumb":{"@id":"https:\/\/www.munditurtours.com\/es\/rio-san-juan\/#breadcrumb"},"inLanguage":"es","potentialAction":[{"@type":"ReadAction","target":["https:\/\/www.munditurtours.com\/es\/rio-san-juan\/"]}]},{"@type":"BreadcrumbList","@id":"https:\/\/www.munditurtours.com\/es\/rio-san-juan\/#breadcrumb","itemListElement":[{"@type":"ListItem","position":1,"name":"Home","item":"https:\/\/www.munditurtours.com\/"},{"@type":"ListItem","position":2,"name":"Tour en Rio San Juan Nicaragua"}]},{"@type":"WebSite","@id":"https:\/\/www.munditurtours.com\/#website","url":"https:\/\/www.munditurtours.com\/","name":"Munditur Tours Nicaragua","description":"Safaris, Adventure and Fishing Nicaragua tour operator","publisher":{"@id":"https:\/\/www.munditurtours.com\/#organization"},"potentialAction":[{"@type":"SearchAction","target":{"@type":"EntryPoint","urlTemplate":"https:\/\/www.munditurtours.com\/?s={search_term_string}"},"query-input":{"@type":"PropertyValueSpecification","valueRequired":true,"valueName":"search_term_string"}}],"inLanguage":"es"},{"@type":"Organization","@id":"https:\/\/www.munditurtours.com\/#organization","name":"Munditur Tours Nicaragua","url":"https:\/\/www.munditurtours.com\/","logo":{"@type":"ImageObject","inLanguage":"es","@id":"https:\/\/www.munditurtours.com\/#\/schema\/logo\/image\/","url":"https:\/\/www.munditurtours.com\/wp-content\/uploads\/2015\/10\/LogoMunditur1.png","contentUrl":"https:\/\/www.munditurtours.com\/wp-content\/uploads\/2015\/10\/LogoMunditur1.png","width":201,"height":72,"caption":"Munditur Tours Nicaragua"},"image":{"@id":"https:\/\/www.munditurtours.com\/#\/schema\/logo\/image\/"},"sameAs":["https:\/\/www.facebook.com\/munditurnic\/"]}]}},"_links":{"self":[{"href":"https:\/\/www.munditurtours.com\/es\/wp-json\/wp\/v2\/pages\/14778","targetHints":{"allow":["GET"]}}],"collection":[{"href":"https:\/\/www.munditurtours.com\/es\/wp-json\/wp\/v2\/pages"}],"about":[{"href":"https:\/\/www.munditurtours.com\/es\/wp-json\/wp\/v2\/types\/page"}],"author":[{"embeddable":true,"href":"https:\/\/www.munditurtours.com\/es\/wp-json\/wp\/v2\/users\/4"}],"replies":[{"embeddable":true,"href":"https:\/\/www.munditurtours.com\/es\/wp-json\/wp\/v2\/comments?post=14778"}],"version-history":[{"count":0,"href":"https:\/\/www.munditurtours.com\/es\/wp-json\/wp\/v2\/pages\/14778\/revisions"}],"wp:attachment":[{"href":"https:\/\/www.munditurtours.com\/es\/wp-json\/wp\/v2\/media?parent=14778"}],"curies":[{"name":"wp","href":"https:\/\/api.w.org\/{rel}","templated":true}]}}