{"id":14779,"date":"2015-12-10T02:16:59","date_gmt":"2015-12-10T02:16:59","guid":{"rendered":"https:\/\/munditurtours.com\/?page_id=14779&#038;lang=es"},"modified":"2022-09-12T12:23:01","modified_gmt":"2022-09-12T18:23:01","slug":"pescar-rio-san-juan","status":"publish","type":"page","link":"https:\/\/www.munditurtours.com\/es\/pescar-rio-san-juan\/","title":{"rendered":"Pescar en Rio San Juan"},"content":{"rendered":"\t\t<div data-elementor-type=\"wp-page\" data-elementor-id=\"14779\" class=\"elementor elementor-14779 elementor-14643\" data-elementor-post-type=\"page\">\n\t\t\t\t\t\t<section class=\"elementor-section elementor-top-section elementor-element elementor-element-4d1f89a4 elementor-section-full_width elementor-section-height-default elementor-section-height-default\" data-id=\"4d1f89a4\" data-element_type=\"section\" data-e-type=\"section\">\n\t\t\t\t\t\t<div class=\"elementor-container elementor-column-gap-no\">\n\t\t\t\t\t<div class=\"elementor-column elementor-col-100 elementor-top-column elementor-element elementor-element-3601ff39\" data-id=\"3601ff39\" data-element_type=\"column\" data-e-type=\"column\">\n\t\t\t<div class=\"elementor-widget-wrap elementor-element-populated\">\n\t\t\t\t\t\t<div class=\"elementor-element elementor-element-1e5b1a5b elementor--h-position-center elementor--v-position-middle elementor-widget elementor-widget-slides\" data-id=\"1e5b1a5b\" data-element_type=\"widget\" data-e-type=\"widget\" data-settings=\"{&quot;navigation&quot;:&quot;none&quot;,&quot;autoplay&quot;:&quot;yes&quot;,&quot;pause_on_hover&quot;:&quot;yes&quot;,&quot;pause_on_interaction&quot;:&quot;yes&quot;,&quot;autoplay_speed&quot;:5000,&quot;infinite&quot;:&quot;yes&quot;,&quot;transition&quot;:&quot;slide&quot;,&quot;transition_speed&quot;:500}\" data-widget_type=\"slides.default\">\n\t\t\t\t<div class=\"elementor-widget-container\">\n\t\t\t\t\t\t\t\t\t<div class=\"elementor-swiper\">\n\t\t\t\t\t<div class=\"elementor-slides-wrapper elementor-main-swiper swiper\" role=\"region\" aria-roledescription=\"carousel\" aria-label=\"Slides\" dir=\"ltr\" data-animation=\"fadeInUp\">\n\t\t\t\t<div class=\"swiper-wrapper elementor-slides\">\n\t\t\t\t\t\t\t\t\t\t<div class=\"elementor-repeater-item-0cb024f swiper-slide\" role=\"group\" aria-roledescription=\"slide\"><div class=\"swiper-slide-bg elementor-ken-burns elementor-ken-burns--out\" role=\"img\" aria-label=\"pescar en rio san juan nicaragua\"><\/div><div class=\"elementor-background-overlay\"><\/div><div class=\"swiper-slide-inner\" ><div class=\"swiper-slide-contents\"><div class=\"elementor-slide-heading\"><h1 style=\"color:white\">Pescar en el Rio San Juan<\/h1><\/div><\/div><\/div><\/div>\t\t\t\t<\/div>\n\t\t\t\t\t\t\t<\/div>\n\t\t\t\t<\/div>\n\t\t\t\t\t\t\t\t<\/div>\n\t\t\t\t<\/div>\n\t\t\t\t\t<\/div>\n\t\t<\/div>\n\t\t\t\t\t<\/div>\n\t\t<\/section>\n\t\t\t\t<section class=\"elementor-section elementor-top-section elementor-element elementor-element-74925cf3 elementor-section-boxed elementor-section-height-default elementor-section-height-default\" data-id=\"74925cf3\" data-element_type=\"section\" data-e-type=\"section\">\n\t\t\t\t\t\t<div class=\"elementor-container elementor-column-gap-extended\">\n\t\t\t\t\t<div class=\"elementor-column elementor-col-50 elementor-top-column elementor-element elementor-element-117118b\" data-id=\"117118b\" data-element_type=\"column\" data-e-type=\"column\">\n\t\t\t<div class=\"elementor-widget-wrap elementor-element-populated\">\n\t\t\t\t\t\t<div class=\"elementor-element elementor-element-238b3882 elementor-widget elementor-widget-heading\" data-id=\"238b3882\" data-element_type=\"widget\" data-e-type=\"widget\" data-widget_type=\"heading.default\">\n\t\t\t\t<div class=\"elementor-widget-container\">\n\t\t\t\t\t<h2 class=\"elementor-heading-title elementor-size-medium\">Incluye<\/h2>\t\t\t\t<\/div>\n\t\t\t\t<\/div>\n\t\t\t\t<div class=\"elementor-element elementor-element-27343254 elementor-icon-list--layout-traditional elementor-list-item-link-full_width elementor-widget elementor-widget-icon-list\" data-id=\"27343254\" data-element_type=\"widget\" data-e-type=\"widget\" data-widget_type=\"icon-list.default\">\n\t\t\t\t<div class=\"elementor-widget-container\">\n\t\t\t\t\t\t\t<ul class=\"elementor-icon-list-items\">\n\t\t\t\t\t\t\t<li class=\"elementor-icon-list-item\">\n\t\t\t\t\t\t\t\t\t\t\t<span class=\"elementor-icon-list-icon\">\n\t\t\t\t\t\t\t<i aria-hidden=\"true\" class=\"fas fa-check-circle\"><\/i>\t\t\t\t\t\t<\/span>\n\t\t\t\t\t\t\t\t\t\t<span class=\"elementor-icon-list-text\">Transporte privado MANGUA \u2013 SAN CARLOS - MANAGUA<\/span>\n\t\t\t\t\t\t\t\t\t<\/li>\n\t\t\t\t\t\t\t\t<li class=\"elementor-icon-list-item\">\n\t\t\t\t\t\t\t\t\t\t\t<span class=\"elementor-icon-list-icon\">\n\t\t\t\t\t\t\t<i aria-hidden=\"true\" class=\"fas fa-check-circle\"><\/i>\t\t\t\t\t\t<\/span>\n\t\t\t\t\t\t\t\t\t\t<span class=\"elementor-icon-list-text\">3 D\u00edas de pesca AM &amp; PM para (S\u00e1balo, Robalo &amp; Gaspar)<\/span>\n\t\t\t\t\t\t\t\t\t<\/li>\n\t\t\t\t\t\t\t\t<li class=\"elementor-icon-list-item\">\n\t\t\t\t\t\t\t\t\t\t\t<span class=\"elementor-icon-list-icon\">\n\t\t\t\t\t\t\t<i aria-hidden=\"true\" class=\"fas fa-check-circle\"><\/i>\t\t\t\t\t\t<\/span>\n\t\t\t\t\t\t\t\t\t\t<span class=\"elementor-icon-list-text\">1 D\u00eda de Pesca; Sesiones de pesca de 2-3 horas La tarde de llegada a Rio San Juan y la ma\u00f1ana de partida<\/span>\n\t\t\t\t\t\t\t\t\t<\/li>\n\t\t\t\t\t\t\t\t<li class=\"elementor-icon-list-item\">\n\t\t\t\t\t\t\t\t\t\t\t<span class=\"elementor-icon-list-icon\">\n\t\t\t\t\t\t\t<i aria-hidden=\"true\" class=\"fas fa-check-circle\"><\/i>\t\t\t\t\t\t<\/span>\n\t\t\t\t\t\t\t\t\t\t<span class=\"elementor-icon-list-text\">2 pescadores por lancha (3 por lancha de solo ser 3 personas) con capit\u00e1n, combustible y equipo de pesca<\/span>\n\t\t\t\t\t\t\t\t\t<\/li>\n\t\t\t\t\t\t\t\t<li class=\"elementor-icon-list-item\">\n\t\t\t\t\t\t\t\t\t\t\t<span class=\"elementor-icon-list-icon\">\n\t\t\t\t\t\t\t<i aria-hidden=\"true\" class=\"fas fa-check-circle\"><\/i>\t\t\t\t\t\t<\/span>\n\t\t\t\t\t\t\t\t\t\t<span class=\"elementor-icon-list-text\">4 noches todo incluido en Montecristo Lodge en Rio San Juan Nicaragua<\/span>\n\t\t\t\t\t\t\t\t\t<\/li>\n\t\t\t\t\t\t\t\t<li class=\"elementor-icon-list-item\">\n\t\t\t\t\t\t\t\t\t\t\t<span class=\"elementor-icon-list-icon\">\n\t\t\t\t\t\t\t<i aria-hidden=\"true\" class=\"fas fa-check-circle\"><\/i>\t\t\t\t\t\t<\/span>\n\t\t\t\t\t\t\t\t\t\t<span class=\"elementor-icon-list-text\">2 noches de hotel en Managua con desayuno continental (habitaci\u00f3n doble); $50.00 extra por noche para habitaci\u00f3n personal<\/span>\n\t\t\t\t\t\t\t\t\t<\/li>\n\t\t\t\t\t\t\t\t<li class=\"elementor-icon-list-item\">\n\t\t\t\t\t\t\t\t\t\t\t<span class=\"elementor-icon-list-icon\">\n\t\t\t\t\t\t\t<i aria-hidden=\"true\" class=\"fas fa-check-circle\"><\/i>\t\t\t\t\t\t<\/span>\n\t\t\t\t\t\t\t\t\t\t<span class=\"elementor-icon-list-text\">Transporte Aeropuerto \u2013 hotel \u2013 aeropuerto en veh\u00edculo privado con A\/C<\/span>\n\t\t\t\t\t\t\t\t\t<\/li>\n\t\t\t\t\t\t\t\t<li class=\"elementor-icon-list-item\">\n\t\t\t\t\t\t\t\t\t\t\t<span class=\"elementor-icon-list-icon\">\n\t\t\t\t\t\t\t<i aria-hidden=\"true\" class=\"fas fa-check-circle\"><\/i>\t\t\t\t\t\t<\/span>\n\t\t\t\t\t\t\t\t\t\t<span class=\"elementor-icon-list-text\">Gu\u00eda biling\u00fce<\/span>\n\t\t\t\t\t\t\t\t\t<\/li>\n\t\t\t\t\t\t\t\t<li class=\"elementor-icon-list-item\">\n\t\t\t\t\t\t\t\t\t\t\t<span class=\"elementor-icon-list-icon\">\n\t\t\t\t\t\t\t<i aria-hidden=\"true\" class=\"fas fa-check-circle\"><\/i>\t\t\t\t\t\t<\/span>\n\t\t\t\t\t\t\t\t\t\t<span class=\"elementor-icon-list-text\">Hielera con refrescos en lancha<\/span>\n\t\t\t\t\t\t\t\t\t<\/li>\n\t\t\t\t\t\t<\/ul>\n\t\t\t\t\t\t<\/div>\n\t\t\t\t<\/div>\n\t\t\t\t<div class=\"elementor-element elementor-element-347d92c elementor-widget elementor-widget-heading\" data-id=\"347d92c\" data-element_type=\"widget\" data-e-type=\"widget\" data-widget_type=\"heading.default\">\n\t\t\t\t<div class=\"elementor-widget-container\">\n\t\t\t\t\t<h2 class=\"elementor-heading-title elementor-size-medium\">No Incluye<\/h2>\t\t\t\t<\/div>\n\t\t\t\t<\/div>\n\t\t\t\t<div class=\"elementor-element elementor-element-7fa2ba7 elementor-icon-list--layout-traditional elementor-list-item-link-full_width elementor-widget elementor-widget-icon-list\" data-id=\"7fa2ba7\" data-element_type=\"widget\" data-e-type=\"widget\" data-widget_type=\"icon-list.default\">\n\t\t\t\t<div class=\"elementor-widget-container\">\n\t\t\t\t\t\t\t<ul class=\"elementor-icon-list-items\">\n\t\t\t\t\t\t\t<li class=\"elementor-icon-list-item\">\n\t\t\t\t\t\t\t\t\t\t\t<span class=\"elementor-icon-list-icon\">\n\t\t\t\t\t\t\t<i aria-hidden=\"true\" class=\"fas fa-times-circle\"><\/i>\t\t\t\t\t\t<\/span>\n\t\t\t\t\t\t\t\t\t\t<span class=\"elementor-icon-list-text\">Almuerzos y cenas en Managua<\/span>\n\t\t\t\t\t\t\t\t\t<\/li>\n\t\t\t\t\t\t\t\t<li class=\"elementor-icon-list-item\">\n\t\t\t\t\t\t\t\t\t\t\t<span class=\"elementor-icon-list-icon\">\n\t\t\t\t\t\t\t<i aria-hidden=\"true\" class=\"fas fa-times-circle\"><\/i>\t\t\t\t\t\t<\/span>\n\t\t\t\t\t\t\t\t\t\t<span class=\"elementor-icon-list-text\">Bebidas alcoh\u00f3licas<\/span>\n\t\t\t\t\t\t\t\t\t<\/li>\n\t\t\t\t\t\t\t\t<li class=\"elementor-icon-list-item\">\n\t\t\t\t\t\t\t\t\t\t\t<span class=\"elementor-icon-list-icon\">\n\t\t\t\t\t\t\t<i aria-hidden=\"true\" class=\"fas fa-times-circle\"><\/i>\t\t\t\t\t\t<\/span>\n\t\t\t\t\t\t\t\t\t\t<span class=\"elementor-icon-list-text\">Propinas<\/span>\n\t\t\t\t\t\t\t\t\t<\/li>\n\t\t\t\t\t\t<\/ul>\n\t\t\t\t\t\t<\/div>\n\t\t\t\t<\/div>\n\t\t\t\t<div class=\"elementor-element elementor-element-6f418a1e elementor-widget elementor-widget-text-editor\" data-id=\"6f418a1e\" data-element_type=\"widget\" data-e-type=\"widget\" data-widget_type=\"text-editor.default\">\n\t\t\t\t<div class=\"elementor-widget-container\">\n\t\t\t\t\t\t\t\t\t<p><b>*Se requieren $1,000 d\u00f3lares de dep\u00f3sito por persona por lo menos 45 d\u00edas antes del viaje para asegurar la reserva\u00a0<\/b><\/p><p>Para mas informacion sobre nuestros precios y paquetes, llena este formulario o <a href=\"mailto:munditursafaris@hotmail.com\">envianos un correo<\/a>. Te contactaremos a la mayor brevedad posible.\u00a0<\/p><p><strong style=\"word-spacing: normal;\">LOS PRECIOS ESTAN SUJETOS A CAMBIOS DEBIDO A CIRCUNSTANCIAS INESPERADAS<\/strong><\/p>\t\t\t\t\t\t\t\t<\/div>\n\t\t\t\t<\/div>\n\t\t\t\t\t<\/div>\n\t\t<\/div>\n\t\t\t\t<div class=\"elementor-column elementor-col-50 elementor-top-column elementor-element elementor-element-1f13081b\" data-id=\"1f13081b\" data-element_type=\"column\" data-e-type=\"column\">\n\t\t\t<div class=\"elementor-widget-wrap elementor-element-populated\">\n\t\t\t\t\t\t<div class=\"elementor-element elementor-element-3ef6e324 elementor-widget elementor-widget-price-table\" data-id=\"3ef6e324\" data-element_type=\"widget\" data-e-type=\"widget\" data-widget_type=\"price-table.default\">\n\t\t\t\t<div class=\"elementor-widget-container\">\n\t\t\t\t\t\n\t\t<div class=\"elementor-price-table\">\n\t\t\t\t\t\t\t<div class=\"elementor-price-table__header\">\n\t\t\t\t\t\t\t\t\t\t\t<h3 class=\"elementor-price-table__heading\">\n\t\t\t\t\t\t4 Angler (Minimum)\t\t\t\t\t\t<\/h3>\n\t\t\t\t\t\n\t\t\t\t\t\t\t\t\t<\/div>\n\t\t\t\n\t\t\t<div class=\"elementor-price-table__price\">\n\t\t\t\t\t\t\t\t<span class=\"elementor-price-table__currency\">&#036;<\/span>\t\t\t\t\t\t\t\t\t<span class=\"elementor-price-table__integer-part\">\n\t\t\t\t\t\t1,900\t\t\t\t\t<\/span>\n\t\t\t\t\n\t\t\t\t\t\t\t\t\t<div class=\"elementor-price-table__after-price\">\n\t\t\t\t\t\t<span class=\"elementor-price-table__fractional-part\">\n\t\t\t\t\t\t\t00\t\t\t\t\t\t<\/span>\n\n\t\t\t\t\t\t\t\t\t\t\t<\/div>\n\t\t\t\t\n\t\t\t\t\n\t\t\t\t\t\t\t\t\t<span class=\"elementor-price-table__period elementor-typo-excluded\">por persona<\/span>\t\t\t\t\t\t\t<\/div>\n\n\t\t\t\t\t\t\t<ul class=\"elementor-price-table__features-list\">\n\t\t\t\t\t\t\t\t\t\t\t<li class=\"elementor-repeater-item-6838b41\">\n\t\t\t\t\t\t\t<div class=\"elementor-price-table__feature-inner\">\n\t\t\t\t\t\t\t\t\t\t\t\t\t\t\t\t&nbsp;\t\t\t\t\t\t\t<\/div>\n\t\t\t\t\t\t<\/li>\n\t\t\t\t\t\t\t\t\t<\/ul>\n\t\t\t\n\t\t\t\t\t<\/div>\n\n\t\t\t\t\t\t<\/div>\n\t\t\t\t<\/div>\n\t\t\t\t\t<\/div>\n\t\t<\/div>\n\t\t\t\t\t<\/div>\n\t\t<\/section>\n\t\t\t\t<section class=\"elementor-section elementor-top-section elementor-element elementor-element-e6f878a elementor-section-boxed elementor-section-height-default elementor-section-height-default\" data-id=\"e6f878a\" data-element_type=\"section\" data-e-type=\"section\">\n\t\t\t\t\t\t<div class=\"elementor-container elementor-column-gap-default\">\n\t\t\t\t\t<div class=\"elementor-column elementor-col-100 elementor-top-column elementor-element elementor-element-150f135b\" data-id=\"150f135b\" data-element_type=\"column\" data-e-type=\"column\" data-settings=\"{&quot;background_background&quot;:&quot;classic&quot;}\">\n\t\t\t<div class=\"elementor-widget-wrap elementor-element-populated\">\n\t\t\t\t\t\t<div class=\"elementor-element elementor-element-7cc460ca elementor-widget elementor-widget-heading\" data-id=\"7cc460ca\" data-element_type=\"widget\" data-e-type=\"widget\" data-widget_type=\"heading.default\">\n\t\t\t\t<div class=\"elementor-widget-container\">\n\t\t\t\t\t<h2 class=\"elementor-heading-title elementor-size-default\">\u00bfQuieres saber mas?<\/h2>\t\t\t\t<\/div>\n\t\t\t\t<\/div>\n\t\t\t\t<div class=\"elementor-element elementor-element-c72d42b elementor-button-align-stretch elementor-widget elementor-widget-form\" data-id=\"c72d42b\" data-element_type=\"widget\" data-e-type=\"widget\" data-settings=\"{&quot;step_next_label&quot;:&quot;Next&quot;,&quot;step_previous_label&quot;:&quot;Previous&quot;,&quot;button_width&quot;:&quot;100&quot;,&quot;step_type&quot;:&quot;number_text&quot;,&quot;step_icon_shape&quot;:&quot;circle&quot;}\" data-widget_type=\"form.default\">\n\t\t\t\t<div class=\"elementor-widget-container\">\n\t\t\t\t\t\t\t<form class=\"elementor-form\" method=\"post\" id=\"leon-leon-viejo\" name=\"Pescar en Rio San Juan - ES\" aria-label=\"Pescar en Rio San Juan - ES\">\n\t\t\t<input type=\"hidden\" name=\"post_id\" value=\"14779\"\/>\n\t\t\t<input type=\"hidden\" name=\"form_id\" value=\"c72d42b\"\/>\n\t\t\t<input type=\"hidden\" name=\"referer_title\" value=\"Pescar en Rio San Juan | Munditur Tours Nicaragua\" \/>\n\n\t\t\t\t\t\t\t<input type=\"hidden\" name=\"queried_id\" value=\"14779\"\/>\n\t\t\t\n\t\t\t<div class=\"elementor-form-fields-wrapper elementor-labels-above\">\n\t\t\t\t\t\t\t\t<div class=\"elementor-field-type-text elementor-field-group elementor-column elementor-field-group-name elementor-col-100 elementor-field-required elementor-mark-required\">\n\t\t\t\t\t\t\t\t\t\t\t\t<label for=\"form-field-name\" class=\"elementor-field-label\">\n\t\t\t\t\t\t\t\tNombre\t\t\t\t\t\t\t<\/label>\n\t\t\t\t\t\t\t\t\t\t\t\t\t\t<input size=\"1\" type=\"text\" name=\"form_fields[name]\" id=\"form-field-name\" class=\"elementor-field elementor-size-sm  elementor-field-textual\" placeholder=\"Nombre\" required=\"required\">\n\t\t\t\t\t\t\t\t\t\t\t<\/div>\n\t\t\t\t\t\t\t\t<div class=\"elementor-field-type-email elementor-field-group elementor-column elementor-field-group-email elementor-col-100 elementor-field-required elementor-mark-required\">\n\t\t\t\t\t\t\t\t\t\t\t\t<label for=\"form-field-email\" class=\"elementor-field-label\">\n\t\t\t\t\t\t\t\tCorreo\t\t\t\t\t\t\t<\/label>\n\t\t\t\t\t\t\t\t\t\t\t\t\t\t<input size=\"1\" type=\"email\" name=\"form_fields[email]\" id=\"form-field-email\" class=\"elementor-field elementor-size-sm  elementor-field-textual\" placeholder=\"Correo\" required=\"required\">\n\t\t\t\t\t\t\t\t\t\t\t<\/div>\n\t\t\t\t\t\t\t\t<div class=\"elementor-field-type-select elementor-field-group elementor-column elementor-field-group-cantidad elementor-col-100 elementor-field-required elementor-mark-required\">\n\t\t\t\t\t\t\t\t\t\t\t\t<label for=\"form-field-cantidad\" class=\"elementor-field-label\">\n\t\t\t\t\t\t\t\t\u00bfPara cuantas personas deseas cotizar?\t\t\t\t\t\t\t<\/label>\n\t\t\t\t\t\t\t\t<div class=\"elementor-field elementor-select-wrapper remove-before \">\n\t\t\t<div class=\"select-caret-down-wrapper\">\n\t\t\t\t<i aria-hidden=\"true\" class=\"eicon-caret-down\"><\/i>\t\t\t<\/div>\n\t\t\t<select name=\"form_fields[cantidad]\" id=\"form-field-cantidad\" class=\"elementor-field-textual elementor-size-sm\" required=\"required\">\n\t\t\t\t\t\t\t\t\t<option value=\"4 personas\">4 personas<\/option>\n\t\t\t\t\t\t\t\t\t<option value=\"5 personas o mas\">5 personas o mas<\/option>\n\t\t\t\t\t\t\t<\/select>\n\t\t<\/div>\n\t\t\t\t\t\t<\/div>\n\t\t\t\t\t\t\t\t<div class=\"elementor-field-type-date elementor-field-group elementor-column elementor-field-group-field_1 elementor-col-100\">\n\t\t\t\t\t\t\t\t\t\t\t\t<label for=\"form-field-field_1\" class=\"elementor-field-label\">\n\t\t\t\t\t\t\t\tFecha Tentativa de arribo\t\t\t\t\t\t\t<\/label>\n\t\t\t\t\t\t\n\t\t<input type=\"date\" name=\"form_fields[field_1]\" id=\"form-field-field_1\" class=\"elementor-field elementor-size-sm  elementor-field-textual elementor-date-field\" placeholder=\"Fecha de arribo\" pattern=\"[0-9]{4}-[0-9]{2}-[0-9]{2}\">\n\t\t\t\t\t\t<\/div>\n\t\t\t\t\t\t\t\t<div class=\"elementor-field-group elementor-column elementor-field-type-submit elementor-col-100 e-form__buttons\">\n\t\t\t\t\t<button class=\"elementor-button elementor-size-sm\" type=\"submit\">\n\t\t\t\t\t\t<span class=\"elementor-button-content-wrapper\">\n\t\t\t\t\t\t\t\t\t\t\t\t\t\t\t\t\t\t\t\t\t\t<span class=\"elementor-button-text\">Enviar<\/span>\n\t\t\t\t\t\t\t\t\t\t\t\t\t<\/span>\n\t\t\t\t\t<\/button>\n\t\t\t\t<\/div>\n\t\t\t<\/div>\n\t\t<\/form>\n\t\t\t\t\t\t<\/div>\n\t\t\t\t<\/div>\n\t\t\t\t\t<\/div>\n\t\t<\/div>\n\t\t\t\t\t<\/div>\n\t\t<\/section>\n\t\t\t\t<\/div>\n\t\t","protected":false},"excerpt":{"rendered":"<p>Pescar en el Rio San Juan Incluye Transporte privado MANGUA \u2013 SAN CARLOS &#8211; MANAGUA 3 D\u00edas de pesca AM &#038; PM para (S\u00e1balo, Robalo &#038; Gaspar) 1 D\u00eda de Pesca; Sesiones de pesca de 2-3 horas La tarde de llegada a Rio San Juan y la ma\u00f1ana de partida 2 pescadores por lancha (3 [&hellip;]<\/p>\n","protected":false},"author":4,"featured_media":0,"parent":0,"menu_order":4,"comment_status":"closed","ping_status":"closed","template":"elementor_header_footer","meta":{"inline_featured_image":false,"footnotes":""},"class_list":["post-14779","page","type-page","status-publish","hentry"],"yoast_head":"<!-- This site is optimized with the Yoast SEO plugin v27.4 - https:\/\/yoast.com\/product\/yoast-seo-wordpress\/ -->\n<title>Pescar en Rio San Juan | Munditur Tours Nicaragua<\/title>\n<meta name=\"description\" content=\"Pescar en Rio San Juan es uno de los mejores lugares en Nicaragua. Rio San Juan es un departamento de Nicaragua, que esta localizado en el Sur del pa\u00eds.\" \/>\n<meta name=\"robots\" content=\"index, follow, max-snippet:-1, max-image-preview:large, max-video-preview:-1\" \/>\n<link rel=\"canonical\" href=\"https:\/\/www.munditurtours.com\/es\/pescar-rio-san-juan\/\" \/>\n<meta property=\"og:locale\" content=\"es_ES\" \/>\n<meta property=\"og:type\" content=\"article\" \/>\n<meta property=\"og:title\" content=\"Pescar en Rio San Juan | Munditur Tours Nicaragua\" \/>\n<meta property=\"og:description\" content=\"Pescar en Rio San Juan es uno de los mejores lugares en Nicaragua. Rio San Juan es un departamento de Nicaragua, que esta localizado en el Sur del pa\u00eds.\" \/>\n<meta property=\"og:url\" content=\"https:\/\/www.munditurtours.com\/es\/pescar-rio-san-juan\/\" \/>\n<meta property=\"og:site_name\" content=\"Munditur Tours Nicaragua\" \/>\n<meta property=\"article:publisher\" content=\"https:\/\/www.facebook.com\/munditurnic\/\" \/>\n<meta property=\"article:modified_time\" content=\"2022-09-12T18:23:01+00:00\" \/>\n<meta property=\"og:image\" content=\"https:\/\/www.munditurtours.com\/wp-content\/uploads\/2015\/10\/LogoMunditur1.png\" \/>\n\t<meta property=\"og:image:width\" content=\"201\" \/>\n\t<meta property=\"og:image:height\" content=\"72\" \/>\n\t<meta property=\"og:image:type\" content=\"image\/png\" \/>\n<meta name=\"twitter:card\" content=\"summary_large_image\" \/>\n<meta name=\"twitter:label1\" content=\"Tiempo de lectura\" \/>\n\t<meta name=\"twitter:data1\" content=\"1 minuto\" \/>\n<script type=\"application\/ld+json\" class=\"yoast-schema-graph\">{\"@context\":\"https:\\\/\\\/schema.org\",\"@graph\":[{\"@type\":\"WebPage\",\"@id\":\"https:\\\/\\\/www.munditurtours.com\\\/es\\\/pescar-rio-san-juan\\\/\",\"url\":\"https:\\\/\\\/www.munditurtours.com\\\/es\\\/pescar-rio-san-juan\\\/\",\"name\":\"Pescar en Rio San Juan | Munditur Tours Nicaragua\",\"isPartOf\":{\"@id\":\"https:\\\/\\\/www.munditurtours.com\\\/#website\"},\"datePublished\":\"2015-12-10T02:16:59+00:00\",\"dateModified\":\"2022-09-12T18:23:01+00:00\",\"description\":\"Pescar en Rio San Juan es uno de los mejores lugares en Nicaragua. Rio San Juan es un departamento de Nicaragua, que esta localizado en el Sur del pa\u00eds.\",\"breadcrumb\":{\"@id\":\"https:\\\/\\\/www.munditurtours.com\\\/es\\\/pescar-rio-san-juan\\\/#breadcrumb\"},\"inLanguage\":\"es\",\"potentialAction\":[{\"@type\":\"ReadAction\",\"target\":[\"https:\\\/\\\/www.munditurtours.com\\\/es\\\/pescar-rio-san-juan\\\/\"]}]},{\"@type\":\"BreadcrumbList\",\"@id\":\"https:\\\/\\\/www.munditurtours.com\\\/es\\\/pescar-rio-san-juan\\\/#breadcrumb\",\"itemListElement\":[{\"@type\":\"ListItem\",\"position\":1,\"name\":\"Home\",\"item\":\"https:\\\/\\\/www.munditurtours.com\\\/\"},{\"@type\":\"ListItem\",\"position\":2,\"name\":\"Pescar en Rio San Juan\"}]},{\"@type\":\"WebSite\",\"@id\":\"https:\\\/\\\/www.munditurtours.com\\\/#website\",\"url\":\"https:\\\/\\\/www.munditurtours.com\\\/\",\"name\":\"Munditur Tours Nicaragua\",\"description\":\"Safaris, Adventure and Fishing Nicaragua tour operator\",\"publisher\":{\"@id\":\"https:\\\/\\\/www.munditurtours.com\\\/#organization\"},\"potentialAction\":[{\"@type\":\"SearchAction\",\"target\":{\"@type\":\"EntryPoint\",\"urlTemplate\":\"https:\\\/\\\/www.munditurtours.com\\\/?s={search_term_string}\"},\"query-input\":{\"@type\":\"PropertyValueSpecification\",\"valueRequired\":true,\"valueName\":\"search_term_string\"}}],\"inLanguage\":\"es\"},{\"@type\":\"Organization\",\"@id\":\"https:\\\/\\\/www.munditurtours.com\\\/#organization\",\"name\":\"Munditur Tours Nicaragua\",\"url\":\"https:\\\/\\\/www.munditurtours.com\\\/\",\"logo\":{\"@type\":\"ImageObject\",\"inLanguage\":\"es\",\"@id\":\"https:\\\/\\\/www.munditurtours.com\\\/#\\\/schema\\\/logo\\\/image\\\/\",\"url\":\"https:\\\/\\\/www.munditurtours.com\\\/wp-content\\\/uploads\\\/2015\\\/10\\\/LogoMunditur1.png\",\"contentUrl\":\"https:\\\/\\\/www.munditurtours.com\\\/wp-content\\\/uploads\\\/2015\\\/10\\\/LogoMunditur1.png\",\"width\":201,\"height\":72,\"caption\":\"Munditur Tours Nicaragua\"},\"image\":{\"@id\":\"https:\\\/\\\/www.munditurtours.com\\\/#\\\/schema\\\/logo\\\/image\\\/\"},\"sameAs\":[\"https:\\\/\\\/www.facebook.com\\\/munditurnic\\\/\"]}]}<\/script>\n<!-- \/ Yoast SEO plugin. -->","yoast_head_json":{"title":"Pescar en Rio San Juan | Munditur Tours Nicaragua","description":"Pescar en Rio San Juan es uno de los mejores lugares en Nicaragua. Rio San Juan es un departamento de Nicaragua, que esta localizado en el Sur del pa\u00eds.","robots":{"index":"index","follow":"follow","max-snippet":"max-snippet:-1","max-image-preview":"max-image-preview:large","max-video-preview":"max-video-preview:-1"},"canonical":"https:\/\/www.munditurtours.com\/es\/pescar-rio-san-juan\/","og_locale":"es_ES","og_type":"article","og_title":"Pescar en Rio San Juan | Munditur Tours Nicaragua","og_description":"Pescar en Rio San Juan es uno de los mejores lugares en Nicaragua. Rio San Juan es un departamento de Nicaragua, que esta localizado en el Sur del pa\u00eds.","og_url":"https:\/\/www.munditurtours.com\/es\/pescar-rio-san-juan\/","og_site_name":"Munditur Tours Nicaragua","article_publisher":"https:\/\/www.facebook.com\/munditurnic\/","article_modified_time":"2022-09-12T18:23:01+00:00","og_image":[{"width":201,"height":72,"url":"https:\/\/www.munditurtours.com\/wp-content\/uploads\/2015\/10\/LogoMunditur1.png","type":"image\/png"}],"twitter_card":"summary_large_image","twitter_misc":{"Tiempo de lectura":"1 minuto"},"schema":{"@context":"https:\/\/schema.org","@graph":[{"@type":"WebPage","@id":"https:\/\/www.munditurtours.com\/es\/pescar-rio-san-juan\/","url":"https:\/\/www.munditurtours.com\/es\/pescar-rio-san-juan\/","name":"Pescar en Rio San Juan | Munditur Tours Nicaragua","isPartOf":{"@id":"https:\/\/www.munditurtours.com\/#website"},"datePublished":"2015-12-10T02:16:59+00:00","dateModified":"2022-09-12T18:23:01+00:00","description":"Pescar en Rio San Juan es uno de los mejores lugares en Nicaragua. Rio San Juan es un departamento de Nicaragua, que esta localizado en el Sur del pa\u00eds.","breadcrumb":{"@id":"https:\/\/www.munditurtours.com\/es\/pescar-rio-san-juan\/#breadcrumb"},"inLanguage":"es","potentialAction":[{"@type":"ReadAction","target":["https:\/\/www.munditurtours.com\/es\/pescar-rio-san-juan\/"]}]},{"@type":"BreadcrumbList","@id":"https:\/\/www.munditurtours.com\/es\/pescar-rio-san-juan\/#breadcrumb","itemListElement":[{"@type":"ListItem","position":1,"name":"Home","item":"https:\/\/www.munditurtours.com\/"},{"@type":"ListItem","position":2,"name":"Pescar en Rio San Juan"}]},{"@type":"WebSite","@id":"https:\/\/www.munditurtours.com\/#website","url":"https:\/\/www.munditurtours.com\/","name":"Munditur Tours Nicaragua","description":"Safaris, Adventure and Fishing Nicaragua tour operator","publisher":{"@id":"https:\/\/www.munditurtours.com\/#organization"},"potentialAction":[{"@type":"SearchAction","target":{"@type":"EntryPoint","urlTemplate":"https:\/\/www.munditurtours.com\/?s={search_term_string}"},"query-input":{"@type":"PropertyValueSpecification","valueRequired":true,"valueName":"search_term_string"}}],"inLanguage":"es"},{"@type":"Organization","@id":"https:\/\/www.munditurtours.com\/#organization","name":"Munditur Tours Nicaragua","url":"https:\/\/www.munditurtours.com\/","logo":{"@type":"ImageObject","inLanguage":"es","@id":"https:\/\/www.munditurtours.com\/#\/schema\/logo\/image\/","url":"https:\/\/www.munditurtours.com\/wp-content\/uploads\/2015\/10\/LogoMunditur1.png","contentUrl":"https:\/\/www.munditurtours.com\/wp-content\/uploads\/2015\/10\/LogoMunditur1.png","width":201,"height":72,"caption":"Munditur Tours Nicaragua"},"image":{"@id":"https:\/\/www.munditurtours.com\/#\/schema\/logo\/image\/"},"sameAs":["https:\/\/www.facebook.com\/munditurnic\/"]}]}},"_links":{"self":[{"href":"https:\/\/www.munditurtours.com\/es\/wp-json\/wp\/v2\/pages\/14779","targetHints":{"allow":["GET"]}}],"collection":[{"href":"https:\/\/www.munditurtours.com\/es\/wp-json\/wp\/v2\/pages"}],"about":[{"href":"https:\/\/www.munditurtours.com\/es\/wp-json\/wp\/v2\/types\/page"}],"author":[{"embeddable":true,"href":"https:\/\/www.munditurtours.com\/es\/wp-json\/wp\/v2\/users\/4"}],"replies":[{"embeddable":true,"href":"https:\/\/www.munditurtours.com\/es\/wp-json\/wp\/v2\/comments?post=14779"}],"version-history":[{"count":0,"href":"https:\/\/www.munditurtours.com\/es\/wp-json\/wp\/v2\/pages\/14779\/revisions"}],"wp:attachment":[{"href":"https:\/\/www.munditurtours.com\/es\/wp-json\/wp\/v2\/media?parent=14779"}],"curies":[{"name":"wp","href":"https:\/\/api.w.org\/{rel}","templated":true}]}}